{"id":15166,"date":"2021-07-31T17:48:05","date_gmt":"2021-07-31T15:48:05","guid":{"rendered":"https:\/\/hexonic.com\/polityka-jakosci\/"},"modified":"2022-01-02T09:26:50","modified_gmt":"2022-01-02T08:26:50","slug":"politika-kvality","status":"publish","type":"page","link":"https:\/\/hexonic.com\/cs\/politika-kvality\/","title":{"rendered":"Politika kvality"},"content":{"rendered":"<p>\u00dast\u0159edn\u00edm mottem \u010dinnosti spole\u010dnosti HEXONIC je:<br \/>\n\u201eAbychom V\u00e1m dali jistotu, \u017ee si z nab\u00eddky trhu vyberete to nejlep\u0161\u00ed, ji\u017e v\u00edce ne\u017e 30 let na\u0161e v\u00fdrobky st\u00e1le zdokonalujeme\u201c, co\u017e znamen\u00e1, \u017ee na\u0161\u00edm nejd\u016fle\u017eit\u011bj\u0161\u00edm z\u00e1vazkem je vytv\u00e1\u0159et co nej\u00fa\u010dinn\u011bj\u0161\u00ed zp\u016fsob p\u0159enosu tepla. S t\u00edmto p\u0159\u00edstupem m\u016f\u017eeme zaru\u010dit, \u017ee se poka\u017ed\u00e9 dok\u00e1\u017eeme optim\u00e1ln\u011b postarat o na\u0161e z\u00e1kazn\u00edky a poskytnout jim vysoce kvalitn\u00ed v\u00fdrobky, technologie p\u0159enosu tepla a tlakov\u00e9 instalace.<br \/>\nVeden\u00ed spole\u010dnosti HEXONIC prohla\u0161uje, \u017ee dosa\u017een\u00ed v\u00fd\u0161e uveden\u00e9ho c\u00edle bude zalo\u017eeno na rozvoji, zlep\u0161ov\u00e1n\u00ed a udr\u017eov\u00e1n\u00ed organiza\u010dn\u00edch struktur na vysok\u00e9 \u00farovni, kter\u00e1 umo\u017e\u0148uje komplexn\u00ed slu\u017eby z\u00e1kazn\u00edk\u016fm s p\u0159ihl\u00e9dnut\u00edm k jejich o\u010dek\u00e1v\u00e1n\u00edm.<\/p>\n<p>V\u00fd\u0161e uveden\u00e9 strategick\u00e9 c\u00edle realizujeme n\u00e1sledovn\u011b:<\/p>\n<ul>\n<li>neust\u00e1l\u00fdm zlep\u0161ov\u00e1n\u00edm \u00fa\u010dinnosti syst\u00e9mu \u0159\u00edzen\u00ed kvality, zlep\u0161ov\u00e1n\u00edm proces\u016f prob\u00edhaj\u00edc\u00edch ve spole\u010dnosti HEXONIC se zvl\u00e1\u0161tn\u00edm d\u016frazem na procesy z\u00e1sadn\u00edho v\u00fdznamu pro pln\u011bn\u00ed po\u017eadavk\u016f z\u00e1kazn\u00edk\u016f a pe\u010dliv\u00fdm v\u00fdb\u011brem dodavatel\u016f nab\u00edzen\u00fdch produkt\u016f a slu\u017eeb,<\/li>\n<li>d\u016fsledn\u00fdm pln\u011bn\u00edm po\u017eadavk\u016f z\u00e1kazn\u00edk\u016f a dodr\u017eov\u00e1n\u00edm p\u0159\u00edslu\u0161n\u00fdch z\u00e1konn\u00fdch po\u017eadavk\u016f na nab\u00edzen\u00e9 v\u00fdrobky,<\/li>\n<li>Udr\u017eovat vz\u00e1jemnou spolupr\u00e1ci s obchodn\u00edmi partnery zalo\u017eenou na d\u016fv\u011b\u0159e, otev\u0159en\u00e9 komunikaci s c\u00edlem spoluvytv\u00e1\u0159en\u00ed hodnoty a zku\u0161enosti.<br \/>\nsystematickou snahou o zvy\u0161ov\u00e1n\u00ed pov\u011bdom\u00ed o kvalit\u011b a v\u011bdom\u00ed bezpe\u010dn\u00e9 pr\u00e1ce t\u00fdmu s c\u00edlem l\u00e9pe plnit po\u017eadavky z\u00e1kazn\u00edk\u016f a zaji\u0161t\u011bn\u00edm pocitu odpov\u011bdnosti za kvalitu a bezpe\u010dnost pr\u00e1ce na v\u0161ech pracovi\u0161t\u00edch,<\/li>\n<li>Umo\u017enit nep\u0159etr\u017eit\u00e9 spoluvytv\u00e1\u0159en\u00ed zku\u0161enost\u00ed tj. pohl\u00ed\u017eet na sv\u00e9 v\u00fdrobky, distribu\u010dn\u00ed kan\u00e1ly, technologie a zam\u011bstnance jako na zprost\u0159edkovatele p\u0159\u00edstupu ke zku\u0161enosti z vytv\u00e1\u0159en\u00ed r\u016fznorod\u00fdch \u0159e\u0161en\u00ed<\/li>\n<li>zapojen\u00edm vrcholov\u00e9ho veden\u00ed a v\u0161ech zam\u011bstnanc\u016f do zlep\u0161ov\u00e1n\u00ed organizace pr\u00e1ce a zd\u016frazn\u011bn\u00edm v\u00fdznamu role ka\u017ed\u00e9ho zam\u011bstnance v efektivn\u011b funguj\u00edc\u00edm syst\u00e9mu \u0159\u00edzen\u00ed kvality.<\/li>\n<\/ul>\n<p>V\u0161echny v\u00fd\u0161e uveden\u00e9 c\u00edle Politiky Kvality jsou realizov\u00e1ny v r\u00e1mci syst\u00e9mu \u0159\u00edzen\u00ed kvality na z\u00e1klad\u011b sm\u011brnic n\u00e1sleduj\u00edc\u00edch norem:<\/p>\n<ul>\n<li>PN-EN ISO 9001:2015,<\/li>\n<li>PN-EN 3834-2:2007,<\/li>\n<li>sm\u011brnice o dod\u00e1v\u00e1n\u00ed tlakov\u00fdch za\u0159\u00edzen\u00ed na trh 2014\/68\/EU (PED) s p\u0159\u00edlohou I str. 4.3,<\/li>\n<\/ul>\n<p>a zaru\u010duj\u00ed neust\u00e1l\u00fd rozvoj spole\u010dnosti a jej\u00ed st\u00e1le lep\u0161\u00ed p\u0159izp\u016fsobov\u00e1n\u00ed se m\u011bn\u00edc\u00edm se podm\u00ednk\u00e1m.<\/p>\n<p>Veden\u00ed spole\u010dnosti HEXONIC zaru\u010duje, \u017ee politika kvality je srozumiteln\u00e1, implementovan\u00e1, v\u0161ichni zam\u011bstnanci ji dodr\u017euj\u00ed a jej\u00ed vhodnost se pravideln\u011b vyhodnocuje.<\/p>\n","protected":false},"excerpt":{"rendered":"<p>\u00dast\u0159edn\u00edm mottem \u010dinnosti spole\u010dnosti HEXONIC je: \u201eAbychom V\u00e1m dali jistotu, \u017ee si z nab\u00eddky trhu vyberete to nejlep\u0161\u00ed, ji\u017e v\u00edce [&hellip;]<\/p>\n","protected":false},"author":1,"featured_media":0,"parent":0,"menu_order":0,"comment_status":"closed","ping_status":"closed","template":"","meta":{"_acf_changed":false,"footnotes":""},"class_list":["post-15166","page","type-page","status-publish","hentry"],"acf":[],"_links":{"self":[{"href":"https:\/\/hexonic.com\/cs\/wp-json\/wp\/v2\/pages\/15166","targetHints":{"allow":["GET"]}}],"collection":[{"href":"https:\/\/hexonic.com\/cs\/wp-json\/wp\/v2\/pages"}],"about":[{"href":"https:\/\/hexonic.com\/cs\/wp-json\/wp\/v2\/types\/page"}],"author":[{"embeddable":true,"href":"https:\/\/hexonic.com\/cs\/wp-json\/wp\/v2\/users\/1"}],"replies":[{"embeddable":true,"href":"https:\/\/hexonic.com\/cs\/wp-json\/wp\/v2\/comments?post=15166"}],"version-history":[{"count":2,"href":"https:\/\/hexonic.com\/cs\/wp-json\/wp\/v2\/pages\/15166\/revisions"}],"predecessor-version":[{"id":15171,"href":"https:\/\/hexonic.com\/cs\/wp-json\/wp\/v2\/pages\/15166\/revisions\/15171"}],"wp:attachment":[{"href":"https:\/\/hexonic.com\/cs\/wp-json\/wp\/v2\/media?parent=15166"}],"curies":[{"name":"wp","href":"https:\/\/api.w.org\/{rel}","templated":true}]}}