{"id":15176,"date":"2021-07-13T15:55:12","date_gmt":"2021-07-13T13:55:12","guid":{"rendered":"https:\/\/hexonic.com\/polityka-prywatnosci\/"},"modified":"2022-01-02T09:31:36","modified_gmt":"2022-01-02T08:31:36","slug":"zasady-ochrany-osobnich-udaju","status":"publish","type":"page","link":"https:\/\/hexonic.com\/cs\/zasady-ochrany-osobnich-udaju\/","title":{"rendered":"Z\u00e1sady ochrany osobn\u00edch \u00fadaj\u016f"},"content":{"rendered":"<p>Under construction<\/p>\n","protected":false},"excerpt":{"rendered":"<p>Under construction<\/p>\n","protected":false},"author":1,"featured_media":0,"parent":0,"menu_order":0,"comment_status":"closed","ping_status":"open","template":"","meta":{"_acf_changed":false,"footnotes":""},"class_list":["post-15176","page","type-page","status-publish","hentry"],"acf":[],"_links":{"self":[{"href":"https:\/\/hexonic.com\/cs\/wp-json\/wp\/v2\/pages\/15176","targetHints":{"allow":["GET"]}}],"collection":[{"href":"https:\/\/hexonic.com\/cs\/wp-json\/wp\/v2\/pages"}],"about":[{"href":"https:\/\/hexonic.com\/cs\/wp-json\/wp\/v2\/types\/page"}],"author":[{"embeddable":true,"href":"https:\/\/hexonic.com\/cs\/wp-json\/wp\/v2\/users\/1"}],"replies":[{"embeddable":true,"href":"https:\/\/hexonic.com\/cs\/wp-json\/wp\/v2\/comments?post=15176"}],"version-history":[{"count":1,"href":"https:\/\/hexonic.com\/cs\/wp-json\/wp\/v2\/pages\/15176\/revisions"}],"predecessor-version":[{"id":15178,"href":"https:\/\/hexonic.com\/cs\/wp-json\/wp\/v2\/pages\/15176\/revisions\/15178"}],"wp:attachment":[{"href":"https:\/\/hexonic.com\/cs\/wp-json\/wp\/v2\/media?parent=15176"}],"curies":[{"name":"wp","href":"https:\/\/api.w.org\/{rel}","templated":true}]}}