{"id":1541,"date":"2021-07-13T17:12:27","date_gmt":"2021-07-13T15:12:27","guid":{"rendered":"https:\/\/hexonic.com\/homepage\/"},"modified":"2022-04-15T14:12:36","modified_gmt":"2022-04-15T12:12:36","slug":"vymeniky-tepla","status":"publish","type":"page","link":"https:\/\/hexonic.com\/cs\/","title":{"rendered":"HEXONIC V\u00fdm\u011bn\u00edky Tepla"},"content":{"rendered":"","protected":false},"excerpt":{"rendered":"","protected":false},"author":1,"featured_media":0,"parent":0,"menu_order":0,"comment_status":"closed","ping_status":"closed","template":"template-home.php","meta":{"_acf_changed":false,"footnotes":""},"class_list":["post-1541","page","type-page","status-publish","hentry"],"acf":[],"_links":{"self":[{"href":"https:\/\/hexonic.com\/cs\/wp-json\/wp\/v2\/pages\/1541","targetHints":{"allow":["GET"]}}],"collection":[{"href":"https:\/\/hexonic.com\/cs\/wp-json\/wp\/v2\/pages"}],"about":[{"href":"https:\/\/hexonic.com\/cs\/wp-json\/wp\/v2\/types\/page"}],"author":[{"embeddable":true,"href":"https:\/\/hexonic.com\/cs\/wp-json\/wp\/v2\/users\/1"}],"replies":[{"embeddable":true,"href":"https:\/\/hexonic.com\/cs\/wp-json\/wp\/v2\/comments?post=1541"}],"version-history":[{"count":3,"href":"https:\/\/hexonic.com\/cs\/wp-json\/wp\/v2\/pages\/1541\/revisions"}],"predecessor-version":[{"id":20797,"href":"https:\/\/hexonic.com\/cs\/wp-json\/wp\/v2\/pages\/1541\/revisions\/20797"}],"wp:attachment":[{"href":"https:\/\/hexonic.com\/cs\/wp-json\/wp\/v2\/media?parent=1541"}],"curies":[{"name":"wp","href":"https:\/\/api.w.org\/{rel}","templated":true}]}}