{"id":22287,"date":"2022-07-01T22:54:15","date_gmt":"2022-07-01T20:54:15","guid":{"rendered":"https:\/\/hexonic.com\/polityka-plikow-cookies\/"},"modified":"2022-07-01T23:16:47","modified_gmt":"2022-07-01T21:16:47","slug":"zasady-souboru-cookie","status":"publish","type":"page","link":"https:\/\/hexonic.com\/cs\/zasady-souboru-cookie\/","title":{"rendered":"Z\u00e1sady soubor\u016f cookie"},"content":{"rendered":"<h2>Souhlas s pou\u017e\u00edv\u00e1n\u00edm soubor\u016f cookie<\/h2>\n<p>Na tomto webu pou\u017e\u00edv\u00e1me soubory cookie, abychom zajistili spr\u00e1vn\u00e9 fungov\u00e1n\u00ed jeho jednotliv\u00fdch funkc\u00ed. Zpracov\u00e1n\u00ed m\u00e1 za c\u00edl integrovat extern\u00ed obsah, slu\u017eby a prvky t\u0159et\u00edch stran. Tento souhlas je dobrovoln\u00fd, nen\u00ed vy\u017eadov\u00e1n k pou\u017e\u00edv\u00e1n\u00ed na\u0161ich webov\u00fdch str\u00e1nek a m\u016f\u017ee b\u00fdt kdykoli odvol\u00e1n nebo personalizov\u00e1n podle va\u0161ich preferenc\u00ed.<\/p>\n<p>&nbsp;<\/p>\n<h2>Pokro\u010dil\u00e9 nastaven\u00ed<\/h2>\n<p>Na na\u0161em webu <a href=\"http:\/\/www.hexonic.com\">www.hexonic.com<\/a> m\u016f\u017eete naj\u00edt informace o \u00fa\u010delech zpracov\u00e1n\u00ed a poskytovatel\u00edch, kte\u0159\u00ed zpracov\u00e1vaj\u00ed va\u0161e osobn\u00ed \u00fadaje na na\u0161\u00ed webov\u00e9 str\u00e1nce.<\/p>\n<p>&nbsp;<\/p>\n<h2>Form\u00e1ln\u00ed \/ provozn\u00ed souhlasy<\/h2>\n<p>N\u00e1sleduj\u00edc\u00ed poskytovatel\u00e9 podporuj\u00ed webovou str\u00e1nku nebo n\u011bkter\u00e9 jej\u00ed funkce. \u010cinnost t\u011bchto subjekt\u016f v dan\u00e9m rozsahu je nezbytn\u00e1 a nelze ji v nastaven\u00ed webu odzna\u010dit <a href=\"http:\/\/www.hexonic.com\">www.hexonic.com<\/a>:<\/p>\n<ul>\n<li>Hosting: <a href=\"http:\/\/www.home.pl\" target=\"_blank\" rel=\"noopener\">www.home.pl<\/a><\/li>\n<\/ul>\n<p>&nbsp;<\/p>\n<h2>Analytick\u00e9 a marketingov\u00e9 souhlasy<\/h2>\n<p>Spolupracujeme s r\u016fzn\u00fdmi poskytovateli na p\u0159izp\u016fsoben\u00ed funkc\u00ed webov\u00fdch str\u00e1nek, v\u010detn\u011b m\u011b\u0159en\u00ed n\u00e1v\u0161t\u011bvnosti a m\u011b\u0159en\u00ed \u00fa\u010dinnosti na\u0161ich reklam.<br \/>\nSeznam dodavatel\u016f:<\/p>\n<ul>\n<li>Floodlight<\/li>\n<li>Google Ads Remarketing Tag<\/li>\n<li>Google Analytics<\/li>\n<li>Google Tag Manager<\/li>\n<li>Hotjar<\/li>\n<li>Piksel Meta<\/li>\n<li>Freshmail<\/li>\n<\/ul>\n<p>&nbsp;<\/p>\n<h2>P\u0159enos dat mimo EU<\/h2>\n<p>N\u011bkte\u0159\u00ed poskytovatel\u00e9 mohou p\u0159en\u00e1\u0161et, uchov\u00e1vat nebo zpracov\u00e1vat va\u0161e osobn\u00ed \u00fadaje mimo EHP \/ EU. Tyto zem\u011b nemus\u00ed m\u00edt stejnou \u00farove\u0148 ochrany \u00fadaj\u016f a vym\u00e1h\u00e1n\u00ed va\u0161ich pr\u00e1v m\u016f\u017ee b\u00fdt omezen\u00e9 nebo nemo\u017en\u00e9.<\/p>\n<p>&nbsp;<\/p>\n<h2>Spr\u00e1vce \u00fadaj\u016f<\/h2>\n<p>Spr\u00e1vcem \u00fadaj\u016f (\u010dl. 4.7 GDPR) je spole\u010dnost:<br \/>\nHexonic sp. z o.o. (ul. Warszawska 50, 82-100 Nowy Dw\u00f3r Gda\u0144ski<br \/>\ntel. +48 55 888 55 00, <a href=\"mailto:info.pl@hexonic.com\">info.pl@hexonic.com<\/a><\/p>\n","protected":false},"excerpt":{"rendered":"<p>Souhlas s pou\u017e\u00edv\u00e1n\u00edm soubor\u016f cookie Na tomto webu pou\u017e\u00edv\u00e1me soubory cookie, abychom zajistili spr\u00e1vn\u00e9 fungov\u00e1n\u00ed jeho jednotliv\u00fdch funkc\u00ed. Zpracov\u00e1n\u00ed m\u00e1 [&hellip;]<\/p>\n","protected":false},"author":1,"featured_media":0,"parent":0,"menu_order":0,"comment_status":"closed","ping_status":"closed","template":"","meta":{"_acf_changed":false,"footnotes":""},"class_list":["post-22287","page","type-page","status-publish","hentry"],"acf":[],"_links":{"self":[{"href":"https:\/\/hexonic.com\/cs\/wp-json\/wp\/v2\/pages\/22287","targetHints":{"allow":["GET"]}}],"collection":[{"href":"https:\/\/hexonic.com\/cs\/wp-json\/wp\/v2\/pages"}],"about":[{"href":"https:\/\/hexonic.com\/cs\/wp-json\/wp\/v2\/types\/page"}],"author":[{"embeddable":true,"href":"https:\/\/hexonic.com\/cs\/wp-json\/wp\/v2\/users\/1"}],"replies":[{"embeddable":true,"href":"https:\/\/hexonic.com\/cs\/wp-json\/wp\/v2\/comments?post=22287"}],"version-history":[{"count":3,"href":"https:\/\/hexonic.com\/cs\/wp-json\/wp\/v2\/pages\/22287\/revisions"}],"predecessor-version":[{"id":22314,"href":"https:\/\/hexonic.com\/cs\/wp-json\/wp\/v2\/pages\/22287\/revisions\/22314"}],"wp:attachment":[{"href":"https:\/\/hexonic.com\/cs\/wp-json\/wp\/v2\/media?parent=22287"}],"curies":[{"name":"wp","href":"https:\/\/api.w.org\/{rel}","templated":true}]}}