{"id":15167,"date":"2021-07-31T17:48:05","date_gmt":"2021-07-31T15:48:05","guid":{"rendered":"https:\/\/hexonic.com\/polityka-jakosci\/"},"modified":"2022-01-02T09:23:16","modified_gmt":"2022-01-02T08:23:16","slug":"qualitaetspolitik","status":"publish","type":"page","link":"https:\/\/hexonic.com\/de\/qualitaetspolitik\/","title":{"rendered":"Qualit\u00e4tspolitik"},"content":{"rendered":"<p>Der Anspruch von Hexocinc lautet: &#8222;Seit \u00fcber 30 Jahren verbessern wir unsere Produkte, um Ihnen die Sicherheit zu geben, die bestm\u00f6gliche Wahl zu treffen&#8220;, was bedeutet, dass unser wichtigstes Ziel nach wie vor darin besteht, das effizienteste Mittel zur W\u00e4rme\u00fcbertragung zu entwickeln. Dank dieses Ansatzes sind wir zuversichtlich, dass wir unsere Kunden optimal betreuen und ihnen jederzeit qualitativ hochwertige Produkte und Konstruktionsl\u00f6sungen im Bereich W\u00e4rme\u00fcbertr\u00e4ger und -technik, sowie Druckanlagen anbieten k\u00f6nnen.<br \/>\nDer Vorstand von HEXONIC erkl\u00e4rt, dass die Erreichung des oben genannten Ziels auf der Entwicklung, Verbesserung und Aufrechterhaltung von Organisationsstrukturen auf hohem Niveau basieren wird, die einen umfassenden Kundenservice unter Ber\u00fccksichtigung der von den Kunden gestellten Erwartungen erm\u00f6glichen.<\/p>\n<p>Wir erreichen die oben genannten strategischen Ziele durch:<\/p>\n<ul>\n<li>kontinuierliche Verbesserung der Wirksamkeit des Qualit\u00e4tsmanagementsystems, Verbesserung der bei HEXONIC ablaufenden Prozesse, mit besonderem Schwerpunkt auf die Prozesse, die f\u00fcr die Erf\u00fcllung der Anforderungen unserer Kunden von entscheidender Bedeutung sind, sowie durch sorgf\u00e4ltige Auswahl der Lieferanten der angebotenen Produkte und Dienstleistungen,<\/li>\n<li>konsequente Erf\u00fcllung der Kundenanforderungen und der einschl\u00e4gigen gesetzlichen Bestimmungen f\u00fcr die angebotenen Produkte,<\/li>\n<li>systematische Verbesserung des Qualit\u00e4tsbewusstseins und des Bewusstseins f\u00fcr sicheres Arbeiten im Team, um die Kundenanforderungen besser zu erf\u00fcllen und das Verantwortungsbewusstsein f\u00fcr Qualit\u00e4t und sichere Arbeitsverfahren an allen Arbeitspl\u00e4tzen zu gew\u00e4hrleisten,<\/li>\n<li>die Beteiligung der obersten Leitung und aller Mitarbeiter an der Verbesserung der Arbeitsorganisation und das Bewusstsein jedes Mitarbeiters f\u00fcr seine Rolle in einem effizient funktionierenden Qualit\u00e4tsmanagementsystem.<\/li>\n<\/ul>\n<p>Alle oben genannten Ziele der Qualit\u00e4tspolitik werden im Rahmen des Qualit\u00e4tsmanagementsystems auf Grundlage der Richtlinien der Normen umgesetzt:<\/p>\n<ul>\n<li>DIN EN ISO 9001:2015,<\/li>\n<li>DIN-EN 3834-2:2007,<\/li>\n<li>Druckger\u00e4terichtlinie 2014\/68\/EU (PED) nebst Anhang I p. 4.3,<\/li>\n<\/ul>\n<p>Das Management von HEXONIC. stellt sicher, dass die Qualit\u00e4tspolitik von allen Mitarbeitern verstanden, umgesetzt und aufrechterhalten wird, und dass ihre Angemessenheit regelm\u00e4\u00dfig bewertet wird.<\/p>\n","protected":false},"excerpt":{"rendered":"<p>Der Anspruch von Hexocinc lautet: &#8222;Seit \u00fcber 30 Jahren verbessern wir unsere Produkte, um Ihnen die Sicherheit zu geben, die [&hellip;]<\/p>\n","protected":false},"author":1,"featured_media":0,"parent":0,"menu_order":0,"comment_status":"closed","ping_status":"closed","template":"","meta":{"_acf_changed":false,"footnotes":""},"class_list":["post-15167","page","type-page","status-publish","hentry"],"acf":[],"_links":{"self":[{"href":"https:\/\/hexonic.com\/de\/wp-json\/wp\/v2\/pages\/15167","targetHints":{"allow":["GET"]}}],"collection":[{"href":"https:\/\/hexonic.com\/de\/wp-json\/wp\/v2\/pages"}],"about":[{"href":"https:\/\/hexonic.com\/de\/wp-json\/wp\/v2\/types\/page"}],"author":[{"embeddable":true,"href":"https:\/\/hexonic.com\/de\/wp-json\/wp\/v2\/users\/1"}],"replies":[{"embeddable":true,"href":"https:\/\/hexonic.com\/de\/wp-json\/wp\/v2\/comments?post=15167"}],"version-history":[{"count":2,"href":"https:\/\/hexonic.com\/de\/wp-json\/wp\/v2\/pages\/15167\/revisions"}],"predecessor-version":[{"id":15169,"href":"https:\/\/hexonic.com\/de\/wp-json\/wp\/v2\/pages\/15167\/revisions\/15169"}],"wp:attachment":[{"href":"https:\/\/hexonic.com\/de\/wp-json\/wp\/v2\/media?parent=15167"}],"curies":[{"name":"wp","href":"https:\/\/api.w.org\/{rel}","templated":true}]}}