{"id":15207,"date":"2021-07-27T19:03:32","date_gmt":"2021-07-27T17:03:32","guid":{"rendered":"https:\/\/hexonic.com\/o-firmie\/"},"modified":"2025-05-15T14:42:19","modified_gmt":"2025-05-15T12:42:19","slug":"uber-uns","status":"publish","type":"page","link":"https:\/\/hexonic.com\/de\/uber-uns\/","title":{"rendered":"\u00dcber uns"},"content":{"rendered":"<p>Hexonic. Seit \u00fcber 35 Jahren verbessern wir unsere Produkte, um Ihnen die Sicherheit zu geben, die bestm\u00f6gliche Wahl zu treffen.<\/p>\n","protected":false},"excerpt":{"rendered":"<p>Hexonic. Seit \u00fcber 35 Jahren verbessern wir unsere Produkte, um Ihnen die Sicherheit zu geben, die bestm\u00f6gliche Wahl zu treffen.<\/p>\n","protected":false},"author":1,"featured_media":0,"parent":0,"menu_order":0,"comment_status":"closed","ping_status":"closed","template":"template-about.php","meta":{"_acf_changed":false,"footnotes":""},"class_list":["post-15207","page","type-page","status-publish","hentry"],"acf":[],"_links":{"self":[{"href":"https:\/\/hexonic.com\/de\/wp-json\/wp\/v2\/pages\/15207","targetHints":{"allow":["GET"]}}],"collection":[{"href":"https:\/\/hexonic.com\/de\/wp-json\/wp\/v2\/pages"}],"about":[{"href":"https:\/\/hexonic.com\/de\/wp-json\/wp\/v2\/types\/page"}],"author":[{"embeddable":true,"href":"https:\/\/hexonic.com\/de\/wp-json\/wp\/v2\/users\/1"}],"replies":[{"embeddable":true,"href":"https:\/\/hexonic.com\/de\/wp-json\/wp\/v2\/comments?post=15207"}],"version-history":[{"count":6,"href":"https:\/\/hexonic.com\/de\/wp-json\/wp\/v2\/pages\/15207\/revisions"}],"predecessor-version":[{"id":48958,"href":"https:\/\/hexonic.com\/de\/wp-json\/wp\/v2\/pages\/15207\/revisions\/48958"}],"wp:attachment":[{"href":"https:\/\/hexonic.com\/de\/wp-json\/wp\/v2\/media?parent=15207"}],"curies":[{"name":"wp","href":"https:\/\/api.w.org\/{rel}","templated":true}]}}