{"id":22290,"date":"2022-07-01T22:54:15","date_gmt":"2022-07-01T20:54:15","guid":{"rendered":"https:\/\/hexonic.com\/polityka-plikow-cookies\/"},"modified":"2022-07-01T23:25:18","modified_gmt":"2022-07-01T21:25:18","slug":"cookie-richtlinie","status":"publish","type":"page","link":"https:\/\/hexonic.com\/de\/cookie-richtlinie\/","title":{"rendered":"Cookie-Richtlinie"},"content":{"rendered":"<h2>Einwilligung zur Verwendung von Cookies<\/h2>\n<p>Wir verwenden Cookies auf dieser Website, um sicherzustellen, dass die verschiedenen Funktionen der Website ordnungsgem\u00e4\u00df funktionieren. Die Verarbeitung dient der Einbindung von Inhalten, externen Diensten und Elementen Dritter. Diese Einwilligung ist freiwillig, ist f\u00fcr die Nutzung unserer Website nicht erforderlich und kann jederzeit widerrufen oder nach Ihren W\u00fcnschen personalisiert werden.<\/p>\n<p>&nbsp;<\/p>\n<h2>Erweiterte Einstellungen<\/h2>\n<p>Auf unserer Website <a href=\"http:\/\/www.hexonic.com\">www.hexonic.com<\/a> finden Sie Informationen \u00fcber die Zwecke der Verarbeitung und die Anbieter, die personenbezogene Daten auf unserer Website verarbeiten.<\/p>\n<p>&nbsp;<\/p>\n<h2>Formelle\/operative Einwilligungen<\/h2>\n<p>Die folgenden Anbieter gew\u00e4hren Unterst\u00fctzung f\u00fcr die Website oder einige ihrer Funktionen. Die T\u00e4tigkeit dieser Subjekte in dem angegebenen Bereich ist unentbehrlich und kann in den Einstellungen der Website <a href=\"http:\/\/www.hexonic.com\">www.hexonic.com<\/a>: nicht abgehakt werden:<\/p>\n<ul>\n<li>Hosting: <a href=\"http:\/\/www.home.pl\" target=\"_blank\" rel=\"noopener\">www.home.pl<\/a><\/li>\n<\/ul>\n<p>&nbsp;<\/p>\n<h2>Genehmigungen zu Analysen und Marketing<\/h2>\n<p>Wir arbeiten mit verschiedenen Anbietern zusammen, um Website-Funktionen zu personalisieren, den Datenverkehr zu messen und die Wirksamkeit unserer Werbung zu ermitteln.<br \/>\nListe der Anbieter:<\/p>\n<ul>\n<li>Floodlight<\/li>\n<li>Google Ads Remarketing Tag<\/li>\n<li>Google Analytics<\/li>\n<li>Google Tag Manager<\/li>\n<li>Hotjar<\/li>\n<li>Piksel Meta<\/li>\n<li>Freshmail<\/li>\n<\/ul>\n<p>&nbsp;<\/p>\n<h2>\u00dcbermittlung von Daten in ein Nicht-EU-Land<\/h2>\n<p>Einige Anbieter k\u00f6nnen Ihre personenbezogenen Daten au\u00dferhalb des EWR\/der EU \u00fcbertragen, speichern oder verarbeiten. In diesen L\u00e4ndern gilt m\u00f6glicherweise nicht dasselbe Datenschutzniveau, und die Durchsetzung Ihrer Rechte kann eingeschr\u00e4nkt oder unm\u00f6glich sein.<\/p>\n<p>&nbsp;<\/p>\n<h2>Verantwortlicher<\/h2>\n<p>Der f\u00fcr die Verarbeitung personenbezogener Daten (Artikel 4.7 der DSGVO) Verantwortliche ist:<br \/>\nHexonic sp. z o.o. ul. Warszawska 50, 82-100 Nowy Dw\u00f3r Gda\u0144ski<br \/>\nTel.: +48 55 888 55 00, <a href=\"mailto:info.pl@hexonic.com\">info.pl@hexonic.com<\/a><\/p>\n","protected":false},"excerpt":{"rendered":"<p>Einwilligung zur Verwendung von Cookies Wir verwenden Cookies auf dieser Website, um sicherzustellen, dass die verschiedenen Funktionen der Website ordnungsgem\u00e4\u00df [&hellip;]<\/p>\n","protected":false},"author":1,"featured_media":0,"parent":0,"menu_order":0,"comment_status":"closed","ping_status":"closed","template":"","meta":{"_acf_changed":false,"footnotes":""},"class_list":["post-22290","page","type-page","status-publish","hentry"],"acf":[],"_links":{"self":[{"href":"https:\/\/hexonic.com\/de\/wp-json\/wp\/v2\/pages\/22290","targetHints":{"allow":["GET"]}}],"collection":[{"href":"https:\/\/hexonic.com\/de\/wp-json\/wp\/v2\/pages"}],"about":[{"href":"https:\/\/hexonic.com\/de\/wp-json\/wp\/v2\/types\/page"}],"author":[{"embeddable":true,"href":"https:\/\/hexonic.com\/de\/wp-json\/wp\/v2\/users\/1"}],"replies":[{"embeddable":true,"href":"https:\/\/hexonic.com\/de\/wp-json\/wp\/v2\/comments?post=22290"}],"version-history":[{"count":3,"href":"https:\/\/hexonic.com\/de\/wp-json\/wp\/v2\/pages\/22290\/revisions"}],"predecessor-version":[{"id":22320,"href":"https:\/\/hexonic.com\/de\/wp-json\/wp\/v2\/pages\/22290\/revisions\/22320"}],"wp:attachment":[{"href":"https:\/\/hexonic.com\/de\/wp-json\/wp\/v2\/media?parent=22290"}],"curies":[{"name":"wp","href":"https:\/\/api.w.org\/{rel}","templated":true}]}}