{"id":13728,"date":"2021-07-31T17:48:05","date_gmt":"2021-07-31T15:48:05","guid":{"rendered":"https:\/\/hexonic.com\/polityka-jakosci\/"},"modified":"2021-12-17T13:56:07","modified_gmt":"2021-12-17T12:56:07","slug":"politica-de-calidad","status":"publish","type":"page","link":"https:\/\/hexonic.com\/es\/politica-de-calidad\/","title":{"rendered":"Pol\u00edtica de calidad"},"content":{"rendered":"<p>El lema de HEXONIC es: \u00abLlevamos m\u00e1s de 30 a\u00f1os mejorando nuestros productos para darle lo mejor en el mercado\u00bb, lo que significa que nuestro compromiso m\u00e1s importante sigue siendo crear las formas m\u00e1s eficientes de intercambiar calor. Gracias a este enfoque, estamos convencidos de que cada vez podemos cuidar de nuestros clientes de manera \u00f3ptima y proporcionarles productos y soluciones constructivos de alta calidad en el sector de los equipos y la tecnolog\u00eda de intercambio de calor e instalaciones de presi\u00f3n.<\/p>\n<p>El Consejo de Administraci\u00f3n de HEXONIC declara que la consecuci\u00f3n de la meta anterior se basar\u00e1 en el desarrollo, mejora y mantenimiento de estructuras organizativas de alto nivel que permitan una atenci\u00f3n integral al cliente, teniendo en cuenta sus expectativas.<\/p>\n<p>Logramos dichos objetivos estrat\u00e9gicos mediante:<\/p>\n<ul>\n<li>mejora continua de la eficacia del Sistema de Gesti\u00f3n de la Calidad, mejora de los procesos llevados a cabo en HEXONIC, con especial \u00e9nfasis en los procesos esenciales para satisfacer los requisitos del cliente, as\u00ed como mediante una cuidadosa selecci\u00f3n de proveedores de productos y servicios ofrecidos,<\/li>\n<li>cumplimiento sistem\u00e1tico de los requisitos del cliente y los requisitos legales pertinentes para los productos ofrecidos,<\/li>\n<li>esfuerzo sistem\u00e1tico por aumentar la concienciaci\u00f3n sobre la calidad y la conciencia sobre la seguridad del trabajo del equipo con el fin de satisfacer mejor las necesidades de los clientes y garantizar un sentido de responsabilidad por la calidad y la seguridad del trabajo en todos los puestos de trabajo,<\/li>\n<li>la participaci\u00f3n de los altos directivos y de todos los empleados en la mejora de la organizaci\u00f3n del trabajo y la conciencia de cada empleado de su papel en el funcionamiento eficiente del Sistema de Gesti\u00f3n de la Calidad.<\/li>\n<\/ul>\n<p>Todos los objetivos mencionados de la Pol\u00edtica de Calidad se realizan dentro del Sistema de Gesti\u00f3n de la Calidad en base a las directrices de las siguientes normas:<\/p>\n<ul>\n<li>ISO 9001:2015,<br \/>\nUNE-EN 3834-2:2007,<br \/>\nDirectiva sobre equipos a presi\u00f3n (PED) 2014\/68\/UE con el anexo I, p. 4.3,<\/li>\n<\/ul>\n<p>y garantizan el desarrollo continuo de la empresa y una adaptaci\u00f3n cada vez mayor a las condiciones cambiantes.<\/p>\n<p>El Consejo de Administraci\u00f3n de HEXONIC garantiza que la Pol\u00edtica de Calidad sea comprendida, implementada y mantenida por todos sus empleados y que su adecuaci\u00f3n sea evaluada peri\u00f3dicamente.<\/p>\n","protected":false},"excerpt":{"rendered":"<p>El lema de HEXONIC es: \u00abLlevamos m\u00e1s de 30 a\u00f1os mejorando nuestros productos para darle lo mejor en el mercado\u00bb, [&hellip;]<\/p>\n","protected":false},"author":1,"featured_media":0,"parent":0,"menu_order":0,"comment_status":"closed","ping_status":"closed","template":"","meta":{"_acf_changed":false,"footnotes":""},"class_list":["post-13728","page","type-page","status-publish","hentry"],"acf":[],"_links":{"self":[{"href":"https:\/\/hexonic.com\/es\/wp-json\/wp\/v2\/pages\/13728","targetHints":{"allow":["GET"]}}],"collection":[{"href":"https:\/\/hexonic.com\/es\/wp-json\/wp\/v2\/pages"}],"about":[{"href":"https:\/\/hexonic.com\/es\/wp-json\/wp\/v2\/types\/page"}],"author":[{"embeddable":true,"href":"https:\/\/hexonic.com\/es\/wp-json\/wp\/v2\/users\/1"}],"replies":[{"embeddable":true,"href":"https:\/\/hexonic.com\/es\/wp-json\/wp\/v2\/comments?post=13728"}],"version-history":[{"count":2,"href":"https:\/\/hexonic.com\/es\/wp-json\/wp\/v2\/pages\/13728\/revisions"}],"predecessor-version":[{"id":13915,"href":"https:\/\/hexonic.com\/es\/wp-json\/wp\/v2\/pages\/13728\/revisions\/13915"}],"wp:attachment":[{"href":"https:\/\/hexonic.com\/es\/wp-json\/wp\/v2\/media?parent=13728"}],"curies":[{"name":"wp","href":"https:\/\/api.w.org\/{rel}","templated":true}]}}