{"id":13730,"date":"2021-07-13T15:55:12","date_gmt":"2021-07-13T13:55:12","guid":{"rendered":"https:\/\/hexonic.com\/polityka-prywatnosci\/"},"modified":"2021-12-17T14:06:30","modified_gmt":"2021-12-17T13:06:30","slug":"politica-de-privacidad","status":"publish","type":"page","link":"https:\/\/hexonic.com\/es\/politica-de-privacidad\/","title":{"rendered":"Pol\u00edtica de privacidad"},"content":{"rendered":"<h2><strong>I. Datos personales<\/strong><\/h2>\n<p style=\"text-align: center;\"><strong>Cl\u00e1usula 1<\/strong><\/p>\n<p>1. Para poder utilizar los servicios ofrecidos en la p\u00e1gina web www.hexonic.com, el usuario deber\u00e1 rellenar el formulario correspondiente. Se requiere que proporcione datos personales espec\u00edficos, que tambi\u00e9n pueden proporcionarse en una fecha posterior.<br \/>\n2. El suministro de datos personales por parte del Usuario es voluntario, pero necesario para utilizar los servicios ofrecidos a trav\u00e9s del sitio web www.hexonic.com. Si no se proporcionan datos personales requeridos por el Responsable del tratamiento, no ser\u00e1 posible prestar estos servicios.<br \/>\n3. Todos los datos personales que el Usuario introduzca en el formulario de registro, la correspondencia con Hexonic sp. z o.o. y otros datos personales recopilados durante el uso por parte del Usuario de los servicios ofrecidos a trav\u00e9s del sitio web<br \/>\nwww.hexonic.com se tratan de manera coherente con los requisitos establecidos en la legislaci\u00f3n polaca y, sobre todo, la Ley de 29 de agosto de 1997 sobre la protecci\u00f3n de datos personales (texto consolidado: DO de 2014, \u00edtem 1182, seg\u00fan enmendada) y la Ley de 18.07.2002 sobre la prestaci\u00f3n de servicios electr\u00f3nicos (DO de 2013, \u00edtem 1422).<br \/>\n4. Sin embargo, a partir del 25\/05\/2018, los datos personales se tratar\u00e1n de acuerdo con el Reglamento (UE) 2016\/679 del Parlamento Europeo y del Consejo, de 27 de abril de 2016, relativo a la protecci\u00f3n de las personas f\u00edsicas en lo que respecta al tratamiento de datos personales y a la libre circulaci\u00f3n de estos datos, y por el que se deroga la Directiva 95\/46\/CE, en lo sucesivo \u00abRGDP\u00bb.<\/p>\n<p style=\"text-align: center;\"><strong>Cl\u00e1usula 2<\/strong><\/p>\n<p>1. Hexonic sp. z o.o., con domicilio en (ul. Warszawska 50, 82-100<br \/>\nNowy Dw\u00f3r Gda\u0144ski, tel. +48 55 888 55 00, info@hexonic.pl),<br \/>\nes el Responsable del tratamiento, en adelante el \u201cResponsable del tratamiento\u201d.<br \/>\n2. El Responsable del tratamiento de datos personales podr\u00e1 confiar el tratamiento de los datos personales recogidos de los Usuarios a otra entidad sobre la base de un acuerdo celebrado para transferir el tratamiento de datos personales.<br \/>\n3. El Responsable del tratamiento informa que los destinatarios de los datos personales ser\u00e1n las entidades que proporcionen alojamiento a la p\u00e1gina web www.hexonic.com y las entidades que se ocupen de su seguridad inform\u00e1tica.<\/p>\n<p style=\"text-align: center;\"><strong>Cl\u00e1usula 3<\/strong><\/p>\n<p>1. El Usuario tiene derecho a acceder a sus datos personales y podr\u00e1 verificarlos<br \/>\no rectificarlos, as\u00ed como suprimirlos, enviando una solicitud adecuada al Responsable del tratamiento.<br \/>\n2. A partir del 25\/05\/2018, el Usuario tambi\u00e9n tiene derecho a limitar el tratamiento y a transferir sus datos personales. En caso de que el tratamiento de datos personales sea contrario a los requisitos legales, el Usuario tiene derecho a presentar una queja ante la autoridad supervisora.<br \/>\n3. A partir del 25\/05\/2018, el Usuario tambi\u00e9n tiene derecho a oponerse<br \/>\nal tratamiento de sus datos personales, incluida la oposici\u00f3n al tratamiento con<br \/>\nfines de marketing directo.<\/p>\n<p style=\"text-align: center;\"><strong>Cl\u00e1usula 4<\/strong><\/p>\n<p>1. El Responsable del tratamiento trata los datos personales de los Usuarios en la medida necesaria para concluir, realizar y terminar una relaci\u00f3n legal, cuyo objeto es la prestaci\u00f3n de los servicios ofrecidos a trav\u00e9s del sitio web www.hexonic.com. Los datos personales de los Usuarios proporcionados en correspondencia con el Responsable del tratamiento se utilizan para proporcionar al Usuario respuestas y para fines de marketing que consisten en la promoci\u00f3n del Responsable del tratamiento y sus servicios.<br \/>\n2. La base legal para el tratamiento de datos personales a partir del 25\/05\/2018 es el art. 6 (1) (b) y art. 6 (1) (f) del RGPD. El inter\u00e9s leg\u00edtimo del Responsable del tratamiento es llevar a cabo el marketing de sus propios servicios.<\/p>\n<p style=\"text-align: center;\"><strong>Cl\u00e1usula 5<\/strong><\/p>\n<p>Sobre la base del consentimiento adicional y opcional concedido por el Usuario, el Responsable del tratamiento tiene derecho a enviar informaci\u00f3n de marketing a las direcciones de correo electr\u00f3nico o n\u00fameros de tel\u00e9fono proporcionados. El consentimiento a que se refiere la frase anterior podr\u00e1 ser revocado en cualquier momento por el Usuario. Si se da dicho consentimiento, la base legal para el tratamiento de los datos personales ser\u00e1 tambi\u00e9n el art. 10 de la Ley de 18 de julio de 2002 sobre la prestaci\u00f3n de servicios electr\u00f3nicos y el art. 172 de la Ley de 16 de julio de 2004, Ley de telecomunicaci\u00f3n.<\/p>\n<p style=\"text-align: center;\"><strong>Cl\u00e1usula 6<\/strong><\/p>\n<p>Los datos personales se tratar\u00e1n durante el tiempo necesario para la prestaci\u00f3n de los servicios al Usuario por parte del Responsable del tratamiento y, una vez finalizada su prestaci\u00f3n, durante el tiempo necesario para demostrar la debida realizaci\u00f3n de las obligaciones del Responsable del tratamiento frente al Usuario. Este per\u00edodo corresponde a la duraci\u00f3n del plazo de prescripci\u00f3n de reclamaciones. El Responsable del tratamiento tratar\u00e1 los datos personales en el \u00e1mbito de la realizaci\u00f3n de actividades de marketing este per\u00edodo por o hasta que el Usuario se oponga a un tratamiento posterior con fines de marketing o revoque el consentimiento para enviar informaci\u00f3n de marketing a la direcci\u00f3n de correo electr\u00f3nico o n\u00famero de tel\u00e9fono.<\/p>\n<p>&nbsp;<\/p>\n<h2><strong>II. Cookies<\/strong><\/h2>\n<p style=\"text-align: center;\"><strong>Cl\u00e1usula 7<\/strong><\/p>\n<p>1. El Responsable del tratamiento utiliza cookies, es decir, peque\u00f1a informaci\u00f3n de texto almacenada en el dispositivo final del Usuario (por ejemplo, ordenador, tableta o tel\u00e9fono inteligente).<br \/>\nEl sistema teleinform\u00e1tico del Responsable del tratamiento puede leer estas cookies.<br \/>\n2. El Responsable del tratamiento almacena cookies en el dispositivo final del Usuario y luego accede a la informaci\u00f3n contenida en el mismo para los siguientes fines:<\/p>\n<ul>\n<li>el funcionamiento correcto del sitio web y, en particular, el mantenimiento de la sesi\u00f3n despu\u00e9s de iniciarla,<\/li>\n<li>adaptar los servicios ofrecidos a las preferencias del Usuario,<\/li>\n<li>recordar las preferencias individuales del Usuario,<\/li>\n<li>de marketing,<\/li>\n<li>estad\u00edsticos,<\/li>\n<li>anal\u00edticos.<\/li>\n<\/ul>\n<p style=\"text-align: center;\"><strong>Cl\u00e1usula 8<\/strong><\/p>\n<p>1. El Responsable del tratamiento tambi\u00e9n informa a los Usuarios que es posible configurar un navegador web que evite guardar y almacenar cookies en el dispositivo final del Usuario.<br \/>\n2. Asimismo, el Responsable del tratamiento indica que el Usuario puede eliminar las cookies despu\u00e9s de que el Responsable del tratamiento las guarde, a trav\u00e9s de las funciones apropiadas del navegador, programas utilizados para este prop\u00f3sito o con las herramientas espec\u00edficas disponibles dentro del sistema operativo.<br \/>\n3. Estos enlaces proporcionan informaci\u00f3n sobre c\u00f3mo eliminar cookies en navegadores web seleccionados:<\/p>\n<ul>\n<li>Firefox: http:\/\/support.mozilla.org\/pl\/kb\/usuwanie-ciasteczek,<\/li>\n<li>Opera: http:\/\/help.opera.com\/Linux\/9.60\/pl\/cookies.html,<\/li>\n<li>Internet Explorer: http:\/\/support.microsoft.com\/kb\/278835\/pl,<\/li>\n<li>Chrome: http:\/\/support.google.com\/chrome\/bin\/answer.py?hl=pl&amp;answer=95647,<\/li>\n<li>Safari: http:\/\/support.apple.com\/kb\/HT1677?viewlocale=pl_PL<\/li>\n<\/ul>\n<p style=\"text-align: center;\"><strong>Cl\u00e1usula 9<\/strong><\/p>\n<p>El Responsable del tratamiento informa a los Usuarios que el cambio de configuraci\u00f3n del navegador web, que impide o restringe el almacenamiento de cookies, puede ocasionar limitaciones en la funcionalidad de los servicios prestados. La eliminaci\u00f3n de cookies durante la prestaci\u00f3n del servicio puede causar efectos similares.<\/p>\n<p>&nbsp;<\/p>\n<h2><strong>III. Dane zawarte w logach systemowych<\/strong><\/h2>\n<p style=\"text-align: center;\"><strong>Cl\u00e1usula 10<\/strong><\/p>\n<p>La empresa de alojamiento que se ocupa del sitio web www.hexonic.com  puede utilizar la informaci\u00f3n contenida en los registros del sistema en relaci\u00f3n con las reglas generales para realizar conexiones en Internet solo con fines t\u00e9cnicos y estad\u00edsticos.<\/p>\n<p>&nbsp;<\/p>\n<h2><strong>IV. Medidas t\u00e9cnicas aplicadas por el Responsable del tratamiento<\/strong><\/h2>\n<p style=\"text-align: center;\"><strong>Cl\u00e1usula 11<\/strong><\/p>\n<p>El Responsable del tratamiento aplica las medidas t\u00e9cnicas exigidas por las disposiciones vigentes sobre protecci\u00f3n de datos personales para evitar que personas no autorizadas adquieran y modifiquen datos personales enviados por v\u00eda electr\u00f3nica..<\/p>\n<p>&nbsp;<\/p>\n<h2><strong>V. Otros<\/strong><\/h2>\n<p style=\"text-align: center;\"><strong>Cl\u00e1usula 12<\/strong><\/p>\n<p>Debido a la naturaleza de los servicios prestados a trav\u00e9s del sitio web www.hexonic.com, el Usuario no puede utilizar los servicios de forma an\u00f3nima o bajo un seud\u00f3nimo.<\/p>\n<p style=\"text-align: center;\"><strong>Cl\u00e1usula 13<\/strong><\/p>\n<p>El Responsable del tratamiento tambi\u00e9n registrar\u00e1 el n\u00famero de IP del ordenador a trav\u00e9s del cual el Usuario utilizar\u00e1 el sitio web www.hexonic.com. Bas\u00e1ndose en la ubicaci\u00f3n asociada al n\u00famero de IP, el Responsable del tratamiento optimizar\u00e1 el contenido del sitio web www.hexonic.com para que se adapte mejor a las necesidades del Usuario.<\/p>\n<p style=\"text-align: center;\"><strong>Cl\u00e1usula 14<\/strong><\/p>\n<p>Si tiene alguna pregunta u opini\u00f3n sobre la Pol\u00edtica de privacidad del Responsable del tratamiento, env\u00edelas a la siguiente direcci\u00f3n de correo electr\u00f3nico: info@hexonic.com<\/p>\n<p>&nbsp;<\/p>\n","protected":false},"excerpt":{"rendered":"<p>I. Datos personales Cl\u00e1usula 1 1. Para poder utilizar los servicios ofrecidos en la p\u00e1gina web www.hexonic.com, el usuario deber\u00e1 [&hellip;]<\/p>\n","protected":false},"author":1,"featured_media":0,"parent":0,"menu_order":0,"comment_status":"closed","ping_status":"open","template":"","meta":{"_acf_changed":false,"footnotes":""},"class_list":["post-13730","page","type-page","status-publish","hentry"],"acf":[],"_links":{"self":[{"href":"https:\/\/hexonic.com\/es\/wp-json\/wp\/v2\/pages\/13730","targetHints":{"allow":["GET"]}}],"collection":[{"href":"https:\/\/hexonic.com\/es\/wp-json\/wp\/v2\/pages"}],"about":[{"href":"https:\/\/hexonic.com\/es\/wp-json\/wp\/v2\/types\/page"}],"author":[{"embeddable":true,"href":"https:\/\/hexonic.com\/es\/wp-json\/wp\/v2\/users\/1"}],"replies":[{"embeddable":true,"href":"https:\/\/hexonic.com\/es\/wp-json\/wp\/v2\/comments?post=13730"}],"version-history":[{"count":2,"href":"https:\/\/hexonic.com\/es\/wp-json\/wp\/v2\/pages\/13730\/revisions"}],"predecessor-version":[{"id":13917,"href":"https:\/\/hexonic.com\/es\/wp-json\/wp\/v2\/pages\/13730\/revisions\/13917"}],"wp:attachment":[{"href":"https:\/\/hexonic.com\/es\/wp-json\/wp\/v2\/media?parent=13730"}],"curies":[{"name":"wp","href":"https:\/\/api.w.org\/{rel}","templated":true}]}}