{"id":22293,"date":"2022-07-01T22:54:15","date_gmt":"2022-07-01T20:54:15","guid":{"rendered":"https:\/\/hexonic.com\/polityka-plikow-cookies\/"},"modified":"2022-07-01T23:30:56","modified_gmt":"2022-07-01T21:30:56","slug":"politica-de-cookies","status":"publish","type":"page","link":"https:\/\/hexonic.com\/es\/politica-de-cookies\/","title":{"rendered":"Pol\u00edtica de cookies"},"content":{"rendered":"<h2>Consentimiento para el uso de cookies<\/h2>\n<p>En este sitio web utilizamos cookies para garantizar que las distintas funciones del sitio web funcionen correctamente. El tratamiento est\u00e1 destinado a integrar contenidos, servicios externos y elementos de terceros. Este consentimiento es voluntario, no es necesario para el uso de nuestro sitio web y puede ser revocado o personalizado en cualquier momento seg\u00fan sus preferencias.<\/p>\n<p>&nbsp;<\/p>\n<h2>Configuraci\u00f3n avanzada<\/h2>\n<p>En nuestro sitio web <a href=\"http:\/\/www.hexonic.com\">www.hexonic.com<\/a> puede encontrar informaci\u00f3n sobre los fines del tratamiento y los proveedores que tratan los datos personales en nuestra p\u00e1gina web.<\/p>\n<p>&nbsp;<\/p>\n<h2>Consentimientos formales \/ operativos<\/h2>\n<p>Los siguientes proveedores prestan apoyo al sitio web o a algunas de sus funciones. La actividad de estas entidades en el \u00e1mbito determinado es esencial y no puede desmarcarse en la configuraci\u00f3n del servicio <a href=\"http:\/\/www.hexonic.com\">www.hexonic.com<\/a>:<\/p>\n<ul>\n<li>Alojamiento: <a href=\"http:\/\/www.home.pl\" target=\"_blank\" rel=\"noopener\">www.home.pl<\/a><\/li>\n<\/ul>\n<p>&nbsp;<\/p>\n<h2>Consentimientos de an\u00e1lisis y comercializaci\u00f3n<\/h2>\n<p>Trabajamos con varios proveedores para personalizar las funciones del sitio web, medir el tr\u00e1fico y la eficacia de nuestra publicidad.<br \/>\nLista de proveedores:<\/p>\n<ul>\n<li>Floodlight<\/li>\n<li>Google Ads Remarketing Tag<\/li>\n<li>Google Analytics<\/li>\n<li>Google Tag Manager<\/li>\n<li>Hotjar<\/li>\n<li>Piksel Meta<\/li>\n<li>Freshmail<\/li>\n<\/ul>\n<p>&nbsp;<\/p>\n<h2>Transferencias de datos fuera de la UE<\/h2>\n<p>Algunos proveedores pueden transferir, almacenar o procesar sus datos personales fuera del EEE \/ UE. Estos pa\u00edses pueden no tener el mismo nivel de protecci\u00f3n de datos y la aplicaci\u00f3n de sus derechos puede ser limitada o imposible.<\/p>\n<p>&nbsp;<\/p>\n<h2>Responsable del tratamiento de datos<\/h2>\n<p>El responsable del tratamiento de datos (art\u00edculo 4.7 RGPD) es la empresa:<br \/>\nHexonic sp. z o.o. (ul. Warszawska 50, 82-100 Nowy Dw\u00f3r Gda\u0144ski<br \/>\ntfno. +48 55 888 55 00, <a href=\"mailto:info.pl@hexonic.com\">info.pl@hexonic.com<\/a><\/p>\n","protected":false},"excerpt":{"rendered":"<p>Consentimiento para el uso de cookies En este sitio web utilizamos cookies para garantizar que las distintas funciones del sitio [&hellip;]<\/p>\n","protected":false},"author":1,"featured_media":0,"parent":0,"menu_order":0,"comment_status":"closed","ping_status":"closed","template":"","meta":{"_acf_changed":false,"footnotes":""},"class_list":["post-22293","page","type-page","status-publish","hentry"],"acf":[],"_links":{"self":[{"href":"https:\/\/hexonic.com\/es\/wp-json\/wp\/v2\/pages\/22293","targetHints":{"allow":["GET"]}}],"collection":[{"href":"https:\/\/hexonic.com\/es\/wp-json\/wp\/v2\/pages"}],"about":[{"href":"https:\/\/hexonic.com\/es\/wp-json\/wp\/v2\/types\/page"}],"author":[{"embeddable":true,"href":"https:\/\/hexonic.com\/es\/wp-json\/wp\/v2\/users\/1"}],"replies":[{"embeddable":true,"href":"https:\/\/hexonic.com\/es\/wp-json\/wp\/v2\/comments?post=22293"}],"version-history":[{"count":3,"href":"https:\/\/hexonic.com\/es\/wp-json\/wp\/v2\/pages\/22293\/revisions"}],"predecessor-version":[{"id":22324,"href":"https:\/\/hexonic.com\/es\/wp-json\/wp\/v2\/pages\/22293\/revisions\/22324"}],"wp:attachment":[{"href":"https:\/\/hexonic.com\/es\/wp-json\/wp\/v2\/media?parent=22293"}],"curies":[{"name":"wp","href":"https:\/\/api.w.org\/{rel}","templated":true}]}}