{"id":13725,"date":"2021-07-27T19:03:32","date_gmt":"2021-07-27T17:03:32","guid":{"rendered":"https:\/\/hexonic.com\/o-firmie\/"},"modified":"2025-05-15T14:41:34","modified_gmt":"2025-05-15T12:41:34","slug":"a-propos-de-la-societe","status":"publish","type":"page","link":"https:\/\/hexonic.com\/fr\/a-propos-de-la-societe\/","title":{"rendered":"\u00c0 propos de la soci\u00e9t\u00e9"},"content":{"rendered":"<p>HEXONIC. Depuis plus de 35 ans, nous perfectionnons nos produits pour vous permettre de faire le meilleur choix en toute confiance<\/p>\n","protected":false},"excerpt":{"rendered":"<p>HEXONIC. Depuis plus de 35 ans, nous perfectionnons nos produits pour vous permettre de faire le meilleur choix en toute [&hellip;]<\/p>\n","protected":false},"author":1,"featured_media":0,"parent":0,"menu_order":0,"comment_status":"closed","ping_status":"closed","template":"template-about.php","meta":{"_acf_changed":false,"footnotes":""},"class_list":["post-13725","page","type-page","status-publish","hentry"],"acf":[],"_links":{"self":[{"href":"https:\/\/hexonic.com\/fr\/wp-json\/wp\/v2\/pages\/13725","targetHints":{"allow":["GET"]}}],"collection":[{"href":"https:\/\/hexonic.com\/fr\/wp-json\/wp\/v2\/pages"}],"about":[{"href":"https:\/\/hexonic.com\/fr\/wp-json\/wp\/v2\/types\/page"}],"author":[{"embeddable":true,"href":"https:\/\/hexonic.com\/fr\/wp-json\/wp\/v2\/users\/1"}],"replies":[{"embeddable":true,"href":"https:\/\/hexonic.com\/fr\/wp-json\/wp\/v2\/comments?post=13725"}],"version-history":[{"count":4,"href":"https:\/\/hexonic.com\/fr\/wp-json\/wp\/v2\/pages\/13725\/revisions"}],"predecessor-version":[{"id":48956,"href":"https:\/\/hexonic.com\/fr\/wp-json\/wp\/v2\/pages\/13725\/revisions\/48956"}],"wp:attachment":[{"href":"https:\/\/hexonic.com\/fr\/wp-json\/wp\/v2\/media?parent=13725"}],"curies":[{"name":"wp","href":"https:\/\/api.w.org\/{rel}","templated":true}]}}