{"id":13727,"date":"2021-07-31T17:48:05","date_gmt":"2021-07-31T15:48:05","guid":{"rendered":"https:\/\/hexonic.com\/polityka-jakosci\/"},"modified":"2021-12-17T10:27:47","modified_gmt":"2021-12-17T09:27:47","slug":"politique-de-qualite","status":"publish","type":"page","link":"https:\/\/hexonic.com\/fr\/politique-de-qualite\/","title":{"rendered":"Politique de qualit\u00e9"},"content":{"rendered":"<p>Le mot d\u2019ordre d\u2019HEXONIC est : \u00ab\u00a0<strong>Depuis plus de 30 ans, nous perfectionnons nos produits pour vous donner l\u2019assurance du meilleur choix sur le march\u00e9<\/strong>\u00ab\u00a0, ce qui signifie que notre engagement le plus important reste de vous trouver le moyen le plus efficace de transfert de chaleur. Gr\u00e2ce \u00e0 cette approche, pour chaque demande, nous sommes certains de pouvoir prendre en charge nos clients de mani\u00e8re optimale et de leur fournir des produits et des solutions de conception de haute qualit\u00e9 dans le secteur des \u00e9quipements et de la technologie d\u2019\u00e9change thermique et des installations sous pression.<\/p>\n<p>Le conseil d\u2019administration d\u2019HEXONIC d\u00e9clare que la r\u00e9alisation de l\u2019objectif ci-dessus sera bas\u00e9e sur le d\u00e9veloppement, l\u2019am\u00e9lioration et le maintien \u00e0 un haut niveau des structures organisationnelles, permettant un service complet aux clients, en tenant compte de leurs attentes.<\/p>\n<p>Nous atteignons les objectifs strat\u00e9giques ci-dessus par:<\/p>\n<ul>\n<li>l\u2019am\u00e9lioration continue de l\u2019efficacit\u00e9 du syst\u00e8me de gestion de la qualit\u00e9, de l\u2019am\u00e9lioration des processus en cours chez HEXONIC, en mettant l\u2019accent sur les processus qui sont d\u2019une importance cruciale pour r\u00e9pondre aux exigences de nos clients, ainsi que par une s\u00e9lection rigoureuse des fournisseurs de produits et services offerts,<\/li>\n<li>le respect constant des exigences des clients et des exigences l\u00e9gales pertinentes pour les produits offerts,<\/li>\n<li>les efforts syst\u00e9matiques pour sensibiliser l\u2019\u00e9quipe \u00e0 la qualit\u00e9 et aux pratiques de travail s\u00fbres, afin de mieux r\u00e9pondre aux exigences des clients et d&rsquo;assurer un sens des responsabilit\u00e9s en mati\u00e8re de qualit\u00e9 et de s\u00e9curit\u00e9 sur tous les lieux de travail,<\/li>\n<li>l\u2019implication de la direction et de tous les employ\u00e9s dans l\u2019am\u00e9lioration de l\u2019organisation du travail et la prise de conscience par chaque employ\u00e9 de son r\u00f4le dans un syst\u00e8me de gestion de la qualit\u00e9 fonctionnant efficacement.<\/li>\n<\/ul>\n<p>Tous les objectifs susmentionn\u00e9s de la politique de qualit\u00e9 sont mis en \u0153uvre dans le cadre du syst\u00e8me de gestion de la qualit\u00e9 sur la base des directives des normes:<\/p>\n<ul>\n<li>PN-EN ISO 9001:2015,<\/li>\n<li>PN-EN 3834-2:2007,<\/li>\n<li>la directive sur la pression 2014\/68\/UE (PED) avec annexe I p. 4.3,<\/li>\n<\/ul>\n<p>et garantissent le d\u00e9veloppement continu de l\u2019entreprise et une adaptation ad\u00e9quate aux conditions changeantes du march\u00e9.<\/p>\n<p>La direction d\u2019HEXONIC veille \u00e0 ce que la politique de qualit\u00e9 soit comprise, mise en \u0153uvre et maintenue par tous les employ\u00e9s et que son ad\u00e9quation soit p\u00e9riodiquement \u00e9valu\u00e9e.<\/p>\n","protected":false},"excerpt":{"rendered":"<p>Le mot d\u2019ordre d\u2019HEXONIC est : \u00ab\u00a0Depuis plus de 30 ans, nous perfectionnons nos produits pour vous donner l\u2019assurance du [&hellip;]<\/p>\n","protected":false},"author":1,"featured_media":0,"parent":0,"menu_order":0,"comment_status":"closed","ping_status":"closed","template":"","meta":{"_acf_changed":false,"footnotes":""},"class_list":["post-13727","page","type-page","status-publish","hentry"],"acf":[],"_links":{"self":[{"href":"https:\/\/hexonic.com\/fr\/wp-json\/wp\/v2\/pages\/13727","targetHints":{"allow":["GET"]}}],"collection":[{"href":"https:\/\/hexonic.com\/fr\/wp-json\/wp\/v2\/pages"}],"about":[{"href":"https:\/\/hexonic.com\/fr\/wp-json\/wp\/v2\/types\/page"}],"author":[{"embeddable":true,"href":"https:\/\/hexonic.com\/fr\/wp-json\/wp\/v2\/users\/1"}],"replies":[{"embeddable":true,"href":"https:\/\/hexonic.com\/fr\/wp-json\/wp\/v2\/comments?post=13727"}],"version-history":[{"count":3,"href":"https:\/\/hexonic.com\/fr\/wp-json\/wp\/v2\/pages\/13727\/revisions"}],"predecessor-version":[{"id":13744,"href":"https:\/\/hexonic.com\/fr\/wp-json\/wp\/v2\/pages\/13727\/revisions\/13744"}],"wp:attachment":[{"href":"https:\/\/hexonic.com\/fr\/wp-json\/wp\/v2\/media?parent=13727"}],"curies":[{"name":"wp","href":"https:\/\/api.w.org\/{rel}","templated":true}]}}