{"id":13729,"date":"2021-07-13T15:55:12","date_gmt":"2021-07-13T13:55:12","guid":{"rendered":"https:\/\/hexonic.com\/polityka-prywatnosci\/"},"modified":"2021-12-17T10:40:49","modified_gmt":"2021-12-17T09:40:49","slug":"politique-de-protection-de-la-vie-privee","status":"publish","type":"page","link":"https:\/\/hexonic.com\/fr\/politique-de-protection-de-la-vie-privee\/","title":{"rendered":"Politique de protection de la vie priv\u00e9e"},"content":{"rendered":"<h2><strong>I. Donn\u00e9es \u00e0 caract\u00e8re personnel<\/strong><\/h2>\n<p style=\"text-align: center;\"><strong>Article 1<\/strong><\/p>\n<p>1. Afin d\u2019utiliser les services propos\u00e9s sur www.hexonic.com, l\u2019utilisateur doit remplir un formulaire appropri\u00e9. Il exige la fourniture de certaines donn\u00e9es \u00e0 caract\u00e8re personnel qui peuvent \u00e9galement \u00eatre fournie \u00e0 un stade ult\u00e9rieur.<\/p>\n<p>2. La fourniture de donn\u00e9es \u00e0 caract\u00e8re personnel par l\u2019utilisateur est volontaire, mais n\u00e9cessaire pour utiliser les services offerts par l\u2019interm\u00e9diaire de www.hexonic.com. Sans fournir les donn\u00e9es \u00e0 caract\u00e8re personnel requises par le responsable du traitement, il ne sera pas possible de fournir ces services.<\/p>\n<p>3. Toutes les donn\u00e9es \u00e0 caract\u00e8re personnel saisies par l\u2019utilisateur dans le formulaire d\u2019inscription, la correspondance avec Hexonic sp. z o. o., ainsi que les autres donn\u00e9es \u00e0 caract\u00e8re personnel collect\u00e9es au cours de l\u2019utilisation par l\u2019utilisateur des services propos\u00e9s via www.hexonic.com sont trait\u00e9es de mani\u00e8re conforme aux exigences pr\u00e9vues par la loi polonaise, notamment la loi sur la protection des donn\u00e9es \u00e0 caract\u00e8re personnel du 29\/08\/1997 (texte consolid\u00e9 : Journal officiel de 2014, point 1182, tel que modifi\u00e9) et la loi du 18\/07\/2002 sur la fourniture de services \u00e9lectroniques. (Journal officiel de 2013, point 1422).<\/p>\n<p>4. D\u2019autre part, depuis le 25\/05\/2018, les donn\u00e9es \u00e0 caract\u00e8re personnel sont trait\u00e9es conform\u00e9ment au R\u00e8glement (UE) 2016\/679 du Parlement europ\u00e9en et du Conseil du 27 avril 2016 relatif \u00e0 la protection des personnes physiques \u00e0 l\u2019\u00e9gard du traitement des donn\u00e9es \u00e0 caract\u00e8re personnel et \u00e0 la libre circulation de ces donn\u00e9es, et abrogeant la directive 95\/46\/CE, ci-apr\u00e8s d\u00e9nomm\u00e9 le \u00ab RGPD.<\/p>\n<p style=\"text-align: center;\"><strong>Article 2<\/strong><\/p>\n<p>1. Le responsable du traitement des donn\u00e9es \u00e0 caract\u00e8re personnel est Hexonic sp. z o. o. (ul. Warszawska 50, 82-100 Nowy Dw\u00f3r Gda\u0144ski, t\u00e9l. +48 55 888 55 00, info.pl@hexonic.com, ci-apr\u00e8s d\u00e9nomm\u00e9 le \u00ab responsable du traitement \u00bb.<br \/>\n2. \u00a0Le responsable du traitement peut confier le traitement des donn\u00e9es \u00e0 caract\u00e8re personnel collect\u00e9es des utilisateurs \u00e0 une autre entit\u00e9 sur la base d\u2019un contrat de mandatement du traitement des donn\u00e9es \u00e0 caract\u00e8re personnel conclu avec elle.<br \/>\n3. \u00a0Le responsable du traitement informe que les destinataires des donn\u00e9es \u00e0 caract\u00e8re personnel seront : les entit\u00e9s fournissant l\u2019h\u00e9bergement du site www.hexonic.com et les entit\u00e9s s\u2019occupant de sa s\u00e9curit\u00e9 informatique.<\/p>\n<p style=\"text-align: center;\"><strong>Article 3<\/strong><\/p>\n<p>1. L\u2019utilisateur a le droit d\u2019acc\u00e9der \u00e0 ses donn\u00e9es \u00e0 caract\u00e8re personnel et peut les v\u00e9rifier ou les corriger, ainsi que les supprimer, en soumettant une demande appropri\u00e9e au responsable du traitement..<br \/>\n2. L\u2019utilisateur a le droit d\u2019acc\u00e9der \u00e0 ses donn\u00e9es \u00e0 caract\u00e8re personnel et peut les v\u00e9rifier ou les corriger, ainsi que les supprimer, en soumettant une demande appropri\u00e9e au responsable du traitement..<br \/>\n3. Depuis le 25\/05\/2018, l\u2019utilisateur a \u00e9galement le droit de s\u2019opposer au traitement de ses donn\u00e9es \u00e0 caract\u00e8re personnel, y compris l\u2019opposition au traitement \u00e0 des fins de marketing direct.<\/p>\n<p style=\"text-align: center;\"><strong>Article 4<\/strong><\/p>\n<p>1. Le responsable du traitement traite les donn\u00e9es \u00e0 caract\u00e8re personnel des utilisateurs dans la mesure n\u00e9cessaire \u00e0 la conclusion, \u00e0 l\u2019ex\u00e9cution et \u00e0 la cessation de la relation juridique dont l\u2019objet est la fourniture des services offerts par l\u2019interm\u00e9diaire de www.hexonic.com. Les donn\u00e9es \u00e0 caract\u00e8re personnel des utilisateurs fournies dans le cadre de la correspondance avec le responsable du traitement sont utilis\u00e9es dans le but de r\u00e9pondre \u00e0 l\u2019utilisateur et \u00e0 des fins de marketing consistant \u00e0 promouvoir le responsable du traitement et ses services.<br \/>\n2. La base juridique du traitement des donn\u00e9es \u00e0 caract\u00e8re personnel est sera, depuis le  25\/05\/2018, l\u2019article 6, paragraphe 1, point b, et l\u2019article 6, paragraphe 1, point f, du RGPD. L\u2019int\u00e9r\u00eat l\u00e9gitime du responsable du traitement est d\u2019assurer la commercialisation de ses propres services.<\/p>\n<p style=\"text-align: center;\"><strong>Article 5<\/strong><\/p>\n<p>Le responsable du traitement, sur la base d\u2019un consentement suppl\u00e9mentaire et facultatif donn\u00e9 par l\u2019utilisateur, est autoris\u00e9 \u00e0 envoyer des informations commerciales \u00e0 l\u2019utilisateur aux adresses \u00e9lectroniques ou aux num\u00e9ros de t\u00e9l\u00e9phone fournis. Le consentement vis\u00e9 \u00e0 la phrase pr\u00e9c\u00e9dente peut \u00eatre r\u00e9voqu\u00e9 par l\u2019utilisateur \u00e0 tout moment. Si ce consentement est donn\u00e9, la base juridique du traitement des donn\u00e9es \u00e0 caract\u00e8re personnel sera \u00e9galement l\u2019article 10 de la loi du 18\/07\/2002 sur la fourniture de services \u00e9lectroniques et l\u2019article 172 de la loi du 16\/07\/2004, Droit des t\u00e9l\u00e9communications.<\/p>\n<p style=\"text-align: center;\"><strong>Article 6<\/strong><\/p>\n<p>Les donn\u00e9es \u00e0 caract\u00e8re personnel sont trait\u00e9es pendant le temps n\u00e9cessaire \u00e0 le responsable du traitement pour fournir les services \u00e0 l\u2019utilisateur et, apr\u00e8s leur cessation, pendant le temps n\u00e9cessaire pour prouver que les obligations de le responsable du traitement envers l\u2019utilisateur ont \u00e9t\u00e9 correctement ex\u00e9cut\u00e9es. Ce d\u00e9lai correspond au d\u00e9lai de prescription des cr\u00e9ances. Les donn\u00e9es \u00e0 caract\u00e8re personnel trait\u00e9es dans le cadre d\u2019activit\u00e9s de marketing sont trait\u00e9es pendant le temps n\u00e9cessaire \u00e0 leur r\u00e9alisation par le responsable du traitement ou jusqu\u2019\u00e0 ce que l\u2019utilisateur exprime son opposition \u00e0 un traitement ult\u00e9rieur des donn\u00e9es \u00e0 caract\u00e8re personnel \u00e0 des fins de marketing, ou annule son consentement \u00e0 l\u2019envoi d\u2019informations de marketing \u00e0 l\u2019adresse \u00e9lectronique ou au num\u00e9ro de t\u00e9l\u00e9phone.<\/p>\n<p>&nbsp;<\/p>\n<h2><strong>II. Fichiers cookies<\/strong><\/h2>\n<p style=\"text-align: center;\"><strong>Article 7<\/strong><\/p>\n<p>1. \u00a0Le responsable du traitement utilise des fichiers cookies (cookies), c\u2019est-\u00e0-dire de petites informations textuelles stock\u00e9es sur le dispositif terminal de l\u2019utilisateur (par exemple, ordinateur, tablette, smartphone). Les cookies peuvent \u00eatre lus par le syst\u00e8me informatique de le responsable du traitement.<\/p>\n<p>2. \u00a0Le responsable du traitement stocke des fichiers cookies sur le dispositif terminal de l\u2019utilisateur, puis acc\u00e8de aux informations qu\u2019ils contiennent aux fins suivantes:<\/p>\n<ul>\n<li>le bon fonctionnement du portail, notamment le maintien de la session apr\u00e8s la connexion,<\/li>\n<li>l\u2019adaptation des services offerts aux pr\u00e9f\u00e9rences de l\u2019utilisateur,<\/li>\n<li>la m\u00e9morisation des pr\u00e9f\u00e9rences individuelles de l\u2019utilisateur,<\/li>\n<li>le marketing,<\/li>\n<li>les statistiques,<\/li>\n<li>les fins analytiques.<\/li>\n<\/ul>\n<p style=\"text-align: center;\"><strong>Article 8<\/strong><\/p>\n<p>1. \u00a0Le responsable du traitement informe \u00e9galement les utilisateurs qu\u2019il est possible de configurer le navigateur Internet de mani\u00e8re \u00e0 emp\u00eacher le stockage des fichiers cookies sur le dispositif terminal de l\u2019utilisateur.<br \/>\n2. \u00a0Le responsable du traitement rappelle \u00e9galement que l\u2019utilisateur peut supprimer les fichiers cookies apr\u00e8s leur stockage par le responsable du traitement, en utilisant les fonctions appropri\u00e9es du navigateur, en utilisant des programmes con\u00e7us \u00e0 cet effet ou en utilisant des outils appropri\u00e9s disponibles dans le syst\u00e8me d\u2019exploitation.<br \/>\n3. \u00a0 Ces liens contiennent des informations sur la mani\u00e8re de supprimer les fichiers cookies dans certains navigateurs web:<\/p>\n<ul>\n<li>Firefox: http:\/\/support.mozilla.org\/pl\/kb\/usuwanie-ciasteczek,<\/li>\n<li>Opera: http:\/\/help.opera.com\/Linux\/9.60\/pl\/cookies.html,<\/li>\n<li>Internet Explorer: http:\/\/support.microsoft.com\/kb\/278835\/pl,<\/li>\n<li>Chrome: http:\/\/support.google.com\/chrome\/bin\/answer.py?hl=pl&amp;answer=95647,<\/li>\n<li>Safari: http:\/\/support.apple.com\/kb\/HT1677?viewlocale=pl_PL<\/li>\n<\/ul>\n<p style=\"text-align: center;\"><strong>Article 9<\/strong><\/p>\n<p>Le responsable du traitement informe les utilisateurs que la modification de la configuration de leur navigateur Internet qui emp\u00eache ou limite le stockage des fichiers cookies peut entra\u00eener des restrictions dans la fonctionnalit\u00e9 des services fournis. La suppression des fichiers cookies pendant la fourniture du service peut entra\u00eener des cons\u00e9quences similaires pendant la prestation du service.<\/p>\n<p>&nbsp;<\/p>\n<h2><strong>III. Donn\u00e9es contenues dans les journaux du syst\u00e8me<\/strong><\/h2>\n<p style=\"text-align: center;\"><strong>Article 10<\/strong><\/p>\n<p>Les informations contenues dans les journaux du syst\u00e8me en rapport avec les r\u00e8gles g\u00e9n\u00e9rales de connexion \u00e0 Internet sont utilis\u00e9es par la soci\u00e9t\u00e9 d&rsquo;h\u00e9bergement qui exploite le site www.hexonic.com uniquement \u00e0 des fins techniques et statistiques.<\/p>\n<p>&nbsp;<\/p>\n<h2><strong>IV. Mesures techniques utilis\u00e9es par le responsable du traitement<\/strong><\/h2>\n<p style=\"text-align: center;\"><strong>Article 11<\/strong><\/p>\n<p>Le responsable du traitement applique les mesures techniques requises par la r\u00e9glementation en vigueur en mati\u00e8re de protection des donn\u00e9es \u00e0 caract\u00e8re personnel afin d\u2019\u00e9viter que des personnes non autoris\u00e9es puissent obtenir et modifier les donn\u00e9es \u00e0 caract\u00e8re personnel transmises par voie \u00e9lectronique.<\/p>\n<p>&nbsp;<\/p>\n<h2><strong>V. Autres dispositions<\/strong><\/h2>\n<p style=\"text-align: center;\"><strong>Article 12<\/strong><\/p>\n<p>En raison de la nature des services fournis par l\u2019interm\u00e9diaire de www.hexonic.com, l\u2019utilisateur n\u2019est pas en mesure d\u2019utiliser les services de mani\u00e8re anonyme ou sous un pseudonyme.<\/p>\n<p style=\"text-align: center;\"><strong>Article 13<\/strong><\/p>\n<p>Le responsable du traitement enregistrera \u00e9galement le num\u00e9ro IP de l\u2019ordinateur utilis\u00e9 par l\u2019utilisateur pour acc\u00e9der \u00e0 www.hexonic.com. Sur la base de la localisation li\u00e9e au num\u00e9ro IP, le responsable du traitement optimisera le contenu de www.hexonic.com afin qu\u2019il soit le mieux adapt\u00e9 aux besoins de l\u2019utilisateur.<\/p>\n<p style=\"text-align: center;\"><strong>Article 14<\/strong><\/p>\n<p>Si vous avez des questions ou des opinions concernant la politique de confidentialit\u00e9 de le responsable du traitement, veuillez vous adresser \u00e0 envoyez-les \u00e0 l\u2019adresse \u00e9lectronique suivante: info.pl@hexonic.com<\/p>\n<p>&nbsp;<\/p>\n","protected":false},"excerpt":{"rendered":"<p>I. Donn\u00e9es \u00e0 caract\u00e8re personnel Article 1 1. Afin d\u2019utiliser les services propos\u00e9s sur www.hexonic.com, l\u2019utilisateur doit remplir un formulaire [&hellip;]<\/p>\n","protected":false},"author":1,"featured_media":0,"parent":0,"menu_order":0,"comment_status":"closed","ping_status":"open","template":"","meta":{"_acf_changed":false,"footnotes":""},"class_list":["post-13729","page","type-page","status-publish","hentry"],"acf":[],"_links":{"self":[{"href":"https:\/\/hexonic.com\/fr\/wp-json\/wp\/v2\/pages\/13729","targetHints":{"allow":["GET"]}}],"collection":[{"href":"https:\/\/hexonic.com\/fr\/wp-json\/wp\/v2\/pages"}],"about":[{"href":"https:\/\/hexonic.com\/fr\/wp-json\/wp\/v2\/types\/page"}],"author":[{"embeddable":true,"href":"https:\/\/hexonic.com\/fr\/wp-json\/wp\/v2\/users\/1"}],"replies":[{"embeddable":true,"href":"https:\/\/hexonic.com\/fr\/wp-json\/wp\/v2\/comments?post=13729"}],"version-history":[{"count":4,"href":"https:\/\/hexonic.com\/fr\/wp-json\/wp\/v2\/pages\/13729\/revisions"}],"predecessor-version":[{"id":13748,"href":"https:\/\/hexonic.com\/fr\/wp-json\/wp\/v2\/pages\/13729\/revisions\/13748"}],"wp:attachment":[{"href":"https:\/\/hexonic.com\/fr\/wp-json\/wp\/v2\/media?parent=13729"}],"curies":[{"name":"wp","href":"https:\/\/api.w.org\/{rel}","templated":true}]}}