{"id":23841,"date":"2021-07-27T19:03:32","date_gmt":"2021-07-27T17:03:32","guid":{"rendered":"https:\/\/hexonic.com\/o-firmie\/"},"modified":"2025-05-21T13:20:08","modified_gmt":"2025-05-21T11:20:08","slug":"o-firmie","status":"publish","type":"page","link":"https:\/\/hexonic.com\/hu\/o-firmie\/","title":{"rendered":"A v\u00e1llalat"},"content":{"rendered":"<p>T\u00f6bb mint 35 \u00e9ve fejlesztj\u00fck term\u00e9keinket, hogy \u00d6n biztos lehessen abban, a legjobbat v\u00e1lasztja<\/p>\n","protected":false},"excerpt":{"rendered":"<p>T\u00f6bb mint 35 \u00e9ve fejlesztj\u00fck term\u00e9keinket, hogy \u00d6n biztos lehessen abban, a legjobbat v\u00e1lasztja<\/p>\n","protected":false},"author":1,"featured_media":0,"parent":0,"menu_order":0,"comment_status":"closed","ping_status":"closed","template":"template-about.php","meta":{"_acf_changed":false,"footnotes":""},"class_list":["post-23841","page","type-page","status-publish","hentry"],"acf":[],"_links":{"self":[{"href":"https:\/\/hexonic.com\/hu\/wp-json\/wp\/v2\/pages\/23841","targetHints":{"allow":["GET"]}}],"collection":[{"href":"https:\/\/hexonic.com\/hu\/wp-json\/wp\/v2\/pages"}],"about":[{"href":"https:\/\/hexonic.com\/hu\/wp-json\/wp\/v2\/types\/page"}],"author":[{"embeddable":true,"href":"https:\/\/hexonic.com\/hu\/wp-json\/wp\/v2\/users\/1"}],"replies":[{"embeddable":true,"href":"https:\/\/hexonic.com\/hu\/wp-json\/wp\/v2\/comments?post=23841"}],"version-history":[{"count":4,"href":"https:\/\/hexonic.com\/hu\/wp-json\/wp\/v2\/pages\/23841\/revisions"}],"predecessor-version":[{"id":48999,"href":"https:\/\/hexonic.com\/hu\/wp-json\/wp\/v2\/pages\/23841\/revisions\/48999"}],"wp:attachment":[{"href":"https:\/\/hexonic.com\/hu\/wp-json\/wp\/v2\/media?parent=23841"}],"curies":[{"name":"wp","href":"https:\/\/api.w.org\/{rel}","templated":true}]}}