{"id":23843,"date":"2021-07-13T17:12:27","date_gmt":"2021-07-13T15:12:27","guid":{"rendered":"https:\/\/hexonic.com\/wymienniki-ciepla\/"},"modified":"2022-08-29T12:56:32","modified_gmt":"2022-08-29T10:56:32","slug":"wymienniki-ciepla","status":"publish","type":"page","link":"https:\/\/hexonic.com\/hu\/","title":{"rendered":"HEXONIC h\u0151cser\u00e9l\u0151k"},"content":{"rendered":"","protected":false},"excerpt":{"rendered":"","protected":false},"author":1,"featured_media":0,"parent":0,"menu_order":0,"comment_status":"closed","ping_status":"closed","template":"template-home.php","meta":{"_acf_changed":false,"footnotes":""},"class_list":["post-23843","page","type-page","status-publish","hentry"],"acf":[],"_links":{"self":[{"href":"https:\/\/hexonic.com\/hu\/wp-json\/wp\/v2\/pages\/23843","targetHints":{"allow":["GET"]}}],"collection":[{"href":"https:\/\/hexonic.com\/hu\/wp-json\/wp\/v2\/pages"}],"about":[{"href":"https:\/\/hexonic.com\/hu\/wp-json\/wp\/v2\/types\/page"}],"author":[{"embeddable":true,"href":"https:\/\/hexonic.com\/hu\/wp-json\/wp\/v2\/users\/1"}],"replies":[{"embeddable":true,"href":"https:\/\/hexonic.com\/hu\/wp-json\/wp\/v2\/comments?post=23843"}],"version-history":[{"count":4,"href":"https:\/\/hexonic.com\/hu\/wp-json\/wp\/v2\/pages\/23843\/revisions"}],"predecessor-version":[{"id":25011,"href":"https:\/\/hexonic.com\/hu\/wp-json\/wp\/v2\/pages\/23843\/revisions\/25011"}],"wp:attachment":[{"href":"https:\/\/hexonic.com\/hu\/wp-json\/wp\/v2\/media?parent=23843"}],"curies":[{"name":"wp","href":"https:\/\/api.w.org\/{rel}","templated":true}]}}