{"id":23846,"date":"2022-07-01T22:54:15","date_gmt":"2022-07-01T20:54:15","guid":{"rendered":"https:\/\/hexonic.com\/polityka-plikow-cookie\/"},"modified":"2022-08-29T12:16:49","modified_gmt":"2022-08-29T10:16:49","slug":"polityka-plikow-cookie","status":"publish","type":"page","link":"https:\/\/hexonic.com\/hu\/polityka-plikow-cookie\/","title":{"rendered":"Cookie-szab\u00e1lyzat"},"content":{"rendered":"<p>Hozz\u00e1j\u00e1rul\u00e1s a s\u00fctik haszn\u00e1lat\u00e1hoz<\/p>\n<p>Ezen a weboldalon s\u00fctiket haszn\u00e1lunk a k\u00fcl\u00f6nb\u00f6z\u0151 funkci\u00f3k megfelel\u0151 m\u0171k\u00f6d\u00e9s\u00e9nek biztos\u00edt\u00e1sa \u00e9rdek\u00e9ben. A feldolgoz\u00e1s c\u00e9lja a tartalom, k\u00fcls\u0151 szolg\u00e1ltat\u00e1sok \u00e9s harmadik f\u00e9lt\u0151l sz\u00e1rmaz\u00f3 elemek integr\u00e1l\u00e1sa. Ez a hozz\u00e1j\u00e1rul\u00e1s \u00f6nk\u00e9ntes, nem sz\u00fcks\u00e9ges a weboldalunk haszn\u00e1lat\u00e1hoz, \u00e9s b\u00e1rmikor visszavonhat\u00f3 vagy szem\u00e9lyre szabhat\u00f3 az \u00d6n preferenci\u00e1inak megfelel\u0151en.<\/p>\n<p>&nbsp;<\/p>\n<p>Speci\u00e1lis be\u00e1ll\u00edt\u00e1sok<\/p>\n<p>A www.hexonic.com weboldalunkon t\u00e1j\u00e9koztat\u00e1st tal\u00e1l a feldolgoz\u00e1s c\u00e9ljair\u00f3l \u00e9s a weboldalunkon szem\u00e9lyes adatokat feldolgoz\u00f3 besz\u00e1ll\u00edt\u00f3kr\u00f3l.<\/p>\n<p>&nbsp;<\/p>\n<p>Hivatalos\/m\u0171k\u00f6d\u00e9si hozz\u00e1j\u00e1rul\u00e1sok<\/p>\n<p>A k\u00f6vetkez\u0151 szolg\u00e1ltat\u00f3k biztos\u00edtj\u00e1k a weboldal m\u0171k\u00f6d\u00e9s\u00e9t vagy egyes funkci\u00f3it. E szolg\u00e1ltat\u00f3k tev\u00e9kenys\u00e9ge a megadott m\u00e9rt\u00e9kben alapvet\u0151 fontoss\u00e1g\u00fa, \u00e9s nem hagyhat\u00f3 figyelmen k\u00edv\u00fcl a www.hexonic.com weboldalon:<\/p>\n<p>T\u00e1rhely: www.home.pl<\/p>\n<p>&nbsp;<\/p>\n<p>Elemz\u00e9si \u00e9s marketing hozz\u00e1j\u00e1rul\u00e1sok<\/p>\n<p>K\u00fcl\u00f6nb\u00f6z\u0151 szolg\u00e1ltat\u00f3kkal dolgozunk egy\u00fctt a weboldal funkci\u00f3inak szem\u00e9lyre szab\u00e1sa, a forgalom m\u00e9r\u00e9se \u00e9s a hirdet\u00e9seink hat\u00e9konys\u00e1g\u00e1nak m\u00e9r\u00e9se \u00e9rdek\u00e9ben.<br \/>\nA szolg\u00e1ltat\u00f3k list\u00e1ja:<\/p>\n<p>F\u00e9nysz\u00f3r\u00f3<br \/>\nGoogle Ads Remarketing c\u00edmke<br \/>\nGoogle Analytics<br \/>\nGoogle Tag Manager<br \/>\nHotjar<br \/>\nPixel Meta<br \/>\nFreshmail<\/p>\n<p>Adattov\u00e1bb\u00edt\u00e1s az EU-n k\u00edv\u00fclre<\/p>\n<p>Egyes szolg\u00e1ltat\u00f3k az \u00d6n szem\u00e9lyes adatait az EGT\/EU-n k\u00edv\u00fclre tov\u00e1bb\u00edthatj\u00e1k, t\u00e1rolhatj\u00e1k vagy feldolgozhatj\u00e1k. El\u0151fordulhat, hogy ezekben az orsz\u00e1gokban nem azonos szint\u0171 az adatv\u00e9delem, \u00e9s az \u00d6n jogainak \u00e9rv\u00e9nyes\u00edt\u00e9se korl\u00e1tozott vagy lehetetlen.<\/p>\n<p>&nbsp;<\/p>\n<p>Adatkezel\u0151<\/p>\n<p>Az adatkezel\u0151 (RODO 4.7 cikk) a v\u00e1llalat:<br \/>\nHexonic sp. z o.o. (ul. Warszawska 50, 82-100 Nowy Dw\u00f3r Gda\u0144ski, 82-100 Nowy Dw\u00f3r Gda\u0144ski)<br \/>\ntel. +48 55 888 55 00, info.pl@hexonic.com<\/p>\n","protected":false},"excerpt":{"rendered":"<p>Hozz\u00e1j\u00e1rul\u00e1s a s\u00fctik haszn\u00e1lat\u00e1hoz Ezen a weboldalon s\u00fctiket haszn\u00e1lunk a k\u00fcl\u00f6nb\u00f6z\u0151 funkci\u00f3k megfelel\u0151 m\u0171k\u00f6d\u00e9s\u00e9nek biztos\u00edt\u00e1sa \u00e9rdek\u00e9ben. A feldolgoz\u00e1s c\u00e9lja a [&hellip;]<\/p>\n","protected":false},"author":1,"featured_media":0,"parent":0,"menu_order":0,"comment_status":"closed","ping_status":"closed","template":"","meta":{"_acf_changed":false,"footnotes":""},"class_list":["post-23846","page","type-page","status-publish","hentry"],"acf":[],"_links":{"self":[{"href":"https:\/\/hexonic.com\/hu\/wp-json\/wp\/v2\/pages\/23846","targetHints":{"allow":["GET"]}}],"collection":[{"href":"https:\/\/hexonic.com\/hu\/wp-json\/wp\/v2\/pages"}],"about":[{"href":"https:\/\/hexonic.com\/hu\/wp-json\/wp\/v2\/types\/page"}],"author":[{"embeddable":true,"href":"https:\/\/hexonic.com\/hu\/wp-json\/wp\/v2\/users\/1"}],"replies":[{"embeddable":true,"href":"https:\/\/hexonic.com\/hu\/wp-json\/wp\/v2\/comments?post=23846"}],"version-history":[{"count":3,"href":"https:\/\/hexonic.com\/hu\/wp-json\/wp\/v2\/pages\/23846\/revisions"}],"predecessor-version":[{"id":24999,"href":"https:\/\/hexonic.com\/hu\/wp-json\/wp\/v2\/pages\/23846\/revisions\/24999"}],"wp:attachment":[{"href":"https:\/\/hexonic.com\/hu\/wp-json\/wp\/v2\/media?parent=23846"}],"curies":[{"name":"wp","href":"https:\/\/api.w.org\/{rel}","templated":true}]}}