{"id":14462,"date":"2021-07-31T11:04:11","date_gmt":"2021-07-31T09:04:11","guid":{"rendered":"https:\/\/hexonic.com\/fundusze-europejskie\/"},"modified":"2021-12-22T09:45:06","modified_gmt":"2021-12-22T08:45:06","slug":"%d0%b5%d0%b2%d1%80%d0%be%d0%bf%d0%b5%d0%b9%d1%81%d0%ba%d0%b8%d0%b5-%d1%84%d0%be%d0%bd%d0%b4%d1%8b","status":"publish","type":"page","link":"https:\/\/hexonic.com\/ru\/%d0%b5%d0%b2%d1%80%d0%be%d0%bf%d0%b5%d0%b9%d1%81%d0%ba%d0%b8%d0%b5-%d1%84%d0%be%d0%bd%d0%b4%d1%8b\/","title":{"rendered":"\u0415\u0432\u0440\u043e\u043f\u0435\u0439\u0441\u043a\u0438\u0435 \u0444\u043e\u043d\u0434\u044b"},"content":{"rendered":"<h3>Tre\u015b\u0107 strony w przygotowaniu<\/h3>\n<p>Zapraszamy wkr\u00f3tce!<\/p>\n","protected":false},"excerpt":{"rendered":"<p>Tre\u015b\u0107 strony w przygotowaniu Zapraszamy wkr\u00f3tce!<\/p>\n","protected":false},"author":1,"featured_media":0,"parent":0,"menu_order":0,"comment_status":"closed","ping_status":"closed","template":"","meta":{"_acf_changed":false,"footnotes":""},"class_list":["post-14462","page","type-page","status-publish","hentry"],"acf":[],"_links":{"self":[{"href":"https:\/\/hexonic.com\/ru\/wp-json\/wp\/v2\/pages\/14462","targetHints":{"allow":["GET"]}}],"collection":[{"href":"https:\/\/hexonic.com\/ru\/wp-json\/wp\/v2\/pages"}],"about":[{"href":"https:\/\/hexonic.com\/ru\/wp-json\/wp\/v2\/types\/page"}],"author":[{"embeddable":true,"href":"https:\/\/hexonic.com\/ru\/wp-json\/wp\/v2\/users\/1"}],"replies":[{"embeddable":true,"href":"https:\/\/hexonic.com\/ru\/wp-json\/wp\/v2\/comments?post=14462"}],"version-history":[{"count":1,"href":"https:\/\/hexonic.com\/ru\/wp-json\/wp\/v2\/pages\/14462\/revisions"}],"predecessor-version":[{"id":14463,"href":"https:\/\/hexonic.com\/ru\/wp-json\/wp\/v2\/pages\/14462\/revisions\/14463"}],"wp:attachment":[{"href":"https:\/\/hexonic.com\/ru\/wp-json\/wp\/v2\/media?parent=14462"}],"curies":[{"name":"wp","href":"https:\/\/api.w.org\/{rel}","templated":true}]}}