{"id":26605,"date":"2021-07-27T19:03:32","date_gmt":"2021-07-27T17:03:32","guid":{"rendered":"https:\/\/hexonic.com\/o-firmie\/"},"modified":"2024-10-17T09:27:38","modified_gmt":"2024-10-17T07:27:38","slug":"o-firmie","status":"publish","type":"page","link":"https:\/\/hexonic.com\/sk\/o-firmie\/","title":{"rendered":"Firma"},"content":{"rendered":"<p>Aby sme, v\u00e1m mohli zaisti\u0165 \u010do najlep\u0161iu funk\u010dnos\u0165 zariadenia, vylep\u0161ujeme na\u0161e v\u00fdrobky u\u017e viac ako 35 rokov.<\/p>\n","protected":false},"excerpt":{"rendered":"<p>Aby sme, v\u00e1m mohli zaisti\u0165 \u010do najlep\u0161iu funk\u010dnos\u0165 zariadenia, vylep\u0161ujeme na\u0161e v\u00fdrobky u\u017e viac ako 35 rokov.<\/p>\n","protected":false},"author":1,"featured_media":0,"parent":0,"menu_order":0,"comment_status":"closed","ping_status":"closed","template":"template-about.php","meta":{"_acf_changed":false,"footnotes":""},"class_list":["post-26605","page","type-page","status-publish","hentry"],"acf":[],"_links":{"self":[{"href":"https:\/\/hexonic.com\/sk\/wp-json\/wp\/v2\/pages\/26605","targetHints":{"allow":["GET"]}}],"collection":[{"href":"https:\/\/hexonic.com\/sk\/wp-json\/wp\/v2\/pages"}],"about":[{"href":"https:\/\/hexonic.com\/sk\/wp-json\/wp\/v2\/types\/page"}],"author":[{"embeddable":true,"href":"https:\/\/hexonic.com\/sk\/wp-json\/wp\/v2\/users\/1"}],"replies":[{"embeddable":true,"href":"https:\/\/hexonic.com\/sk\/wp-json\/wp\/v2\/comments?post=26605"}],"version-history":[{"count":4,"href":"https:\/\/hexonic.com\/sk\/wp-json\/wp\/v2\/pages\/26605\/revisions"}],"predecessor-version":[{"id":43094,"href":"https:\/\/hexonic.com\/sk\/wp-json\/wp\/v2\/pages\/26605\/revisions\/43094"}],"wp:attachment":[{"href":"https:\/\/hexonic.com\/sk\/wp-json\/wp\/v2\/media?parent=26605"}],"curies":[{"name":"wp","href":"https:\/\/api.w.org\/{rel}","templated":true}]}}