{"id":49456,"date":"2022-07-01T22:54:15","date_gmt":"2022-07-01T20:54:15","guid":{"rendered":"https:\/\/hexonic.com\/polityka-plikow-cookie\/"},"modified":"2025-06-08T22:35:47","modified_gmt":"2025-06-08T20:35:47","slug":"polityka-plikow-cookie","status":"publish","type":"page","link":"https:\/\/hexonic.com\/uk\/polityka-plikow-cookie\/","title":{"rendered":"UA Polityka plik\u00f3w cookie"},"content":{"rendered":"<h2>Zgoda na wykorzystanie plik\u00f3w cookie<\/h2>\n<p>Na tej stronie u\u017cywamy plik\u00f3w cookie w celu zapewnienia prawid\u0142owego dzia\u0142ania poszczeg\u00f3lnych jej funkcji. Przetwarzanie ma na celu integracj\u0119 tre\u015bci, us\u0142ug zewn\u0119trznych i element\u00f3w podmiot\u00f3w trzecich. Zgoda ta jest dobrowolna, nie jest wymagana do korzystania z naszej strony internetowej i mo\u017cna j\u0105 w ka\u017cdej chwili odwo\u0142a\u0107 lub spersonalizowa\u0107 wed\u0142ug w\u0142asnych preferencji.<\/p>\n<p>&nbsp;<\/p>\n<h2>Zaawansowane ustawienia<\/h2>\n<p>Na naszej stronie internetowej <a href=\"http:\/\/www.hexonic.com\">www.hexonic.com<\/a> mo\u017cna znale\u017a\u0107 informacje dotycz\u0105ce cel\u00f3w przetwarzania i dostawc\u00f3w, kt\u00f3rzy przetwarzaj\u0105 dane osobowe na naszej stronie internetowej.<\/p>\n<p>&nbsp;<\/p>\n<h2>Zgody formalne\/ operacyjne<\/h2>\n<p>Poni\u017csi dostawcy zapewniaj\u0105 obs\u0142ug\u0119 strony internetowej lub jej niekt\u00f3rych funkcji. Dzia\u0142alno\u015b\u0107 tych podmiot\u00f3w w podanym zakresie jest niezb\u0119dna i nie mo\u017cna ich odznaczy\u0107 w ustawieniach serwisu <a href=\"http:\/\/www.hexonic.com\">www.hexonic.com<\/a>:<\/p>\n<ul>\n<li>Hosting: <a href=\"http:\/\/www.home.pl\" target=\"_blank\" rel=\"noopener\">www.home.pl<\/a><\/li>\n<\/ul>\n<h2><\/h2>\n<h2>Zgody analityczno-marketingowe<\/h2>\n<p>Wsp\u00f3\u0142pracujemy z r\u00f3\u017cnymi dostawcami w celu personalizacji funkcji strony, mierzenia ruchu oraz mierzenia efektywno\u015bci naszych reklam.<br \/>\nLista dostawc\u00f3w:<\/p>\n<ul>\n<li>Floodlight<\/li>\n<li>Google Ads Remarketing Tag<\/li>\n<li>Google Analytics<\/li>\n<li>Google Tag Manager<\/li>\n<li>Hotjar<\/li>\n<li>Piksel Meta<\/li>\n<li>Freshmail<\/li>\n<\/ul>\n<h2><\/h2>\n<h2>Przekazywanie danych poza UE<\/h2>\n<p>Niekt\u00f3rzy dostawcy mog\u0105 przekazywa\u0107, przechowywa\u0107 lub przetwarza\u0107 Twoje dane osobowe poza EOG\/ UE. Kraje te mog\u0105 nie mie\u0107 takiego samego poziomu ochrony danych, a egzekwowanie Twoich praw mo\u017ce by\u0107 ograniczone lub niemo\u017cliwe.<\/p>\n<p>&nbsp;<\/p>\n<h2>Administrator danych<\/h2>\n<p>Administratorem danych (art. 4.7 RODO) jest firma:<br \/>\nHexonic sp. z o.o. (ul. Warszawska 50, 82-100 Nowy Dw\u00f3r Gda\u0144ski<br \/>\ntel. +48 55 888 55 00, <a href=\"mailto:info.pl@hexonic.com\">info.pl@hexonic.com<\/a><\/p>\n","protected":false},"excerpt":{"rendered":"<p>Zgoda na wykorzystanie plik\u00f3w cookie Na tej stronie u\u017cywamy plik\u00f3w cookie w celu zapewnienia prawid\u0142owego dzia\u0142ania poszczeg\u00f3lnych jej funkcji. Przetwarzanie [&hellip;]<\/p>\n","protected":false},"author":1,"featured_media":0,"parent":0,"menu_order":0,"comment_status":"closed","ping_status":"closed","template":"","meta":{"_acf_changed":false,"footnotes":""},"class_list":["post-49456","page","type-page","status-publish","hentry"],"acf":[],"_links":{"self":[{"href":"https:\/\/hexonic.com\/uk\/wp-json\/wp\/v2\/pages\/49456","targetHints":{"allow":["GET"]}}],"collection":[{"href":"https:\/\/hexonic.com\/uk\/wp-json\/wp\/v2\/pages"}],"about":[{"href":"https:\/\/hexonic.com\/uk\/wp-json\/wp\/v2\/types\/page"}],"author":[{"embeddable":true,"href":"https:\/\/hexonic.com\/uk\/wp-json\/wp\/v2\/users\/1"}],"replies":[{"embeddable":true,"href":"https:\/\/hexonic.com\/uk\/wp-json\/wp\/v2\/comments?post=49456"}],"version-history":[{"count":1,"href":"https:\/\/hexonic.com\/uk\/wp-json\/wp\/v2\/pages\/49456\/revisions"}],"predecessor-version":[{"id":49457,"href":"https:\/\/hexonic.com\/uk\/wp-json\/wp\/v2\/pages\/49456\/revisions\/49457"}],"wp:attachment":[{"href":"https:\/\/hexonic.com\/uk\/wp-json\/wp\/v2\/media?parent=49456"}],"curies":[{"name":"wp","href":"https:\/\/api.w.org\/{rel}","templated":true}]}}